{"id":10250,"date":"2024-06-13T16:56:40","date_gmt":"2024-06-13T14:56:40","guid":{"rendered":"https:\/\/www.tempogymjette.be\/?page_id=10250"},"modified":"2024-06-15T10:40:45","modified_gmt":"2024-06-15T08:40:45","slug":"intervention-mutuelle","status":"publish","type":"page","link":"https:\/\/www.tempogymjette.be\/index.php\/intervention-mutuelle\/","title":{"rendered":"Intervention mutuelle"},"content":{"rendered":"<div id=\"pl-10250\"  class=\"panel-layout\" ><div id=\"pg-10250-0\"  class=\"panel-grid panel-no-style\" ><div id=\"pgc-10250-0-0\"  class=\"panel-grid-cell\" ><div id=\"panel-10250-0-0-0\" class=\"so-panel widget widget_sow-editor panel-first-child panel-last-child\" data-index=\"0\" ><div\n\t\t\t\n\t\t\tclass=\"so-widget-sow-editor so-widget-sow-editor-base\"\n\t\t\t\n\t\t>\n<div class=\"siteorigin-widget-tinymce textwidget\">\n\t<p><span style=\"font-family: 'Comic Sans MS', sans-serif; color: #000000;\">La plupart des mutuelles interviennent dans les frais de souscription \u00e0 une activit\u00e9 sportive. <\/span><\/p>\n<p><span style=\"font-family: 'Comic Sans MS', sans-serif; color: #000000;\">Renseignez vous aupr\u00e8s de la v\u00f4tre !<\/span><\/p>\n<p><span style=\"font-family: 'Comic Sans MS', sans-serif; color: #000000;\">Le formulaire \u00e0 compl\u00e9ter est \u00e0 envoyer au secr\u00e9tariat sous PDF d\u00e8s paiement de la cotisation. <\/span><\/p>\n<p><span style=\"font-family: 'Comic Sans MS', sans-serif; color: #000000;\">Il vous sera retourn\u00e9 par mail dans les plus brefs d\u00e9lais.<\/span><\/p>\n<\/div>\n<\/div><\/div><\/div><\/div><\/div>","protected":false},"excerpt":{"rendered":"<p>La plupart des mutuelles interviennent dans les frais de souscription \u00e0 une activit\u00e9 sportive. Renseignez vous aupr\u00e8s de la v\u00f4tre ! Le formulaire \u00e0 compl\u00e9ter est \u00e0 envoyer au secr\u00e9tariat sous PDF d\u00e8s paiement de la cotisation. Il vous sera retourn\u00e9 par mail dans les plus brefs d\u00e9lais.<\/p>\n","protected":false},"author":164,"featured_media":0,"parent":0,"menu_order":0,"comment_status":"closed","ping_status":"closed","template":"","meta":{"footnotes":""},"class_list":["post-10250","page","type-page","status-publish","hentry"],"yoast_head":"<!-- This site is optimized with the Yoast SEO plugin v25.1 - https:\/\/yoast.com\/wordpress\/plugins\/seo\/ -->\n<title>Intervention mutuelle - Tempogym Jette<\/title>\n<meta name=\"robots\" content=\"index, follow, max-snippet:-1, max-image-preview:large, max-video-preview:-1\" \/>\n<link rel=\"canonical\" href=\"https:\/\/www.tempogymjette.be\/index.php\/intervention-mutuelle\/\" \/>\n<meta property=\"og:locale\" content=\"fr_FR\" \/>\n<meta property=\"og:type\" content=\"article\" \/>\n<meta property=\"og:title\" content=\"Intervention mutuelle - Tempogym Jette\" \/>\n<meta property=\"og:description\" content=\"La plupart des mutuelles interviennent dans les frais de souscription \u00e0 une activit\u00e9 sportive. Renseignez vous aupr\u00e8s de la v\u00f4tre ! Le formulaire \u00e0 compl\u00e9ter est \u00e0 envoyer au secr\u00e9tariat sous PDF d\u00e8s paiement de la cotisation. Il vous sera retourn\u00e9 par mail dans les plus brefs d\u00e9lais.\" \/>\n<meta property=\"og:url\" content=\"https:\/\/www.tempogymjette.be\/index.php\/intervention-mutuelle\/\" \/>\n<meta property=\"og:site_name\" content=\"Tempogym Jette\" \/>\n<meta property=\"article:modified_time\" content=\"2024-06-15T08:40:45+00:00\" \/>\n<meta name=\"twitter:card\" content=\"summary_large_image\" \/>\n<meta name=\"twitter:label1\" content=\"Dur\u00e9e de lecture estim\u00e9e\" \/>\n\t<meta name=\"twitter:data1\" content=\"1 minute\" \/>\n<script type=\"application\/ld+json\" class=\"yoast-schema-graph\">{\"@context\":\"https:\/\/schema.org\",\"@graph\":[{\"@type\":\"WebPage\",\"@id\":\"https:\/\/www.tempogymjette.be\/index.php\/intervention-mutuelle\/\",\"url\":\"https:\/\/www.tempogymjette.be\/index.php\/intervention-mutuelle\/\",\"name\":\"Intervention mutuelle - Tempogym Jette\",\"isPartOf\":{\"@id\":\"https:\/\/www.tempogymjette.be\/#website\"},\"datePublished\":\"2024-06-13T14:56:40+00:00\",\"dateModified\":\"2024-06-15T08:40:45+00:00\",\"breadcrumb\":{\"@id\":\"https:\/\/www.tempogymjette.be\/index.php\/intervention-mutuelle\/#breadcrumb\"},\"inLanguage\":\"fr-FR\",\"potentialAction\":[{\"@type\":\"ReadAction\",\"target\":[\"https:\/\/www.tempogymjette.be\/index.php\/intervention-mutuelle\/\"]}]},{\"@type\":\"BreadcrumbList\",\"@id\":\"https:\/\/www.tempogymjette.be\/index.php\/intervention-mutuelle\/#breadcrumb\",\"itemListElement\":[{\"@type\":\"ListItem\",\"position\":1,\"name\":\"Accueil\",\"item\":\"https:\/\/www.tempogymjette.be\/\"},{\"@type\":\"ListItem\",\"position\":2,\"name\":\"Intervention mutuelle\"}]},{\"@type\":\"WebSite\",\"@id\":\"https:\/\/www.tempogymjette.be\/#website\",\"url\":\"https:\/\/www.tempogymjette.be\/\",\"name\":\"Tempogym Jette\",\"description\":\"Vive la gym\",\"potentialAction\":[{\"@type\":\"SearchAction\",\"target\":{\"@type\":\"EntryPoint\",\"urlTemplate\":\"https:\/\/www.tempogymjette.be\/?s={search_term_string}\"},\"query-input\":{\"@type\":\"PropertyValueSpecification\",\"valueRequired\":true,\"valueName\":\"search_term_string\"}}],\"inLanguage\":\"fr-FR\"}]}<\/script>\n<!-- \/ Yoast SEO plugin. -->","yoast_head_json":{"title":"Intervention mutuelle - Tempogym Jette","robots":{"index":"index","follow":"follow","max-snippet":"max-snippet:-1","max-image-preview":"max-image-preview:large","max-video-preview":"max-video-preview:-1"},"canonical":"https:\/\/www.tempogymjette.be\/index.php\/intervention-mutuelle\/","og_locale":"fr_FR","og_type":"article","og_title":"Intervention mutuelle - Tempogym Jette","og_description":"La plupart des mutuelles interviennent dans les frais de souscription \u00e0 une activit\u00e9 sportive. Renseignez vous aupr\u00e8s de la v\u00f4tre ! Le formulaire \u00e0 compl\u00e9ter est \u00e0 envoyer au secr\u00e9tariat sous PDF d\u00e8s paiement de la cotisation. Il vous sera retourn\u00e9 par mail dans les plus brefs d\u00e9lais.","og_url":"https:\/\/www.tempogymjette.be\/index.php\/intervention-mutuelle\/","og_site_name":"Tempogym Jette","article_modified_time":"2024-06-15T08:40:45+00:00","twitter_card":"summary_large_image","twitter_misc":{"Dur\u00e9e de lecture estim\u00e9e":"1 minute"},"schema":{"@context":"https:\/\/schema.org","@graph":[{"@type":"WebPage","@id":"https:\/\/www.tempogymjette.be\/index.php\/intervention-mutuelle\/","url":"https:\/\/www.tempogymjette.be\/index.php\/intervention-mutuelle\/","name":"Intervention mutuelle - Tempogym Jette","isPartOf":{"@id":"https:\/\/www.tempogymjette.be\/#website"},"datePublished":"2024-06-13T14:56:40+00:00","dateModified":"2024-06-15T08:40:45+00:00","breadcrumb":{"@id":"https:\/\/www.tempogymjette.be\/index.php\/intervention-mutuelle\/#breadcrumb"},"inLanguage":"fr-FR","potentialAction":[{"@type":"ReadAction","target":["https:\/\/www.tempogymjette.be\/index.php\/intervention-mutuelle\/"]}]},{"@type":"BreadcrumbList","@id":"https:\/\/www.tempogymjette.be\/index.php\/intervention-mutuelle\/#breadcrumb","itemListElement":[{"@type":"ListItem","position":1,"name":"Accueil","item":"https:\/\/www.tempogymjette.be\/"},{"@type":"ListItem","position":2,"name":"Intervention mutuelle"}]},{"@type":"WebSite","@id":"https:\/\/www.tempogymjette.be\/#website","url":"https:\/\/www.tempogymjette.be\/","name":"Tempogym Jette","description":"Vive la gym","potentialAction":[{"@type":"SearchAction","target":{"@type":"EntryPoint","urlTemplate":"https:\/\/www.tempogymjette.be\/?s={search_term_string}"},"query-input":{"@type":"PropertyValueSpecification","valueRequired":true,"valueName":"search_term_string"}}],"inLanguage":"fr-FR"}]}},"jetpack_sharing_enabled":true,"jetpack_shortlink":"https:\/\/wp.me\/P9rq79-2Fk","jetpack-related-posts":[],"_links":{"self":[{"href":"https:\/\/www.tempogymjette.be\/index.php\/wp-json\/wp\/v2\/pages\/10250","targetHints":{"allow":["GET"]}}],"collection":[{"href":"https:\/\/www.tempogymjette.be\/index.php\/wp-json\/wp\/v2\/pages"}],"about":[{"href":"https:\/\/www.tempogymjette.be\/index.php\/wp-json\/wp\/v2\/types\/page"}],"author":[{"embeddable":true,"href":"https:\/\/www.tempogymjette.be\/index.php\/wp-json\/wp\/v2\/users\/164"}],"replies":[{"embeddable":true,"href":"https:\/\/www.tempogymjette.be\/index.php\/wp-json\/wp\/v2\/comments?post=10250"}],"version-history":[{"count":3,"href":"https:\/\/www.tempogymjette.be\/index.php\/wp-json\/wp\/v2\/pages\/10250\/revisions"}],"predecessor-version":[{"id":10277,"href":"https:\/\/www.tempogymjette.be\/index.php\/wp-json\/wp\/v2\/pages\/10250\/revisions\/10277"}],"wp:attachment":[{"href":"https:\/\/www.tempogymjette.be\/index.php\/wp-json\/wp\/v2\/media?parent=10250"}],"curies":[{"name":"wp","href":"https:\/\/api.w.org\/{rel}","templated":true}]}}