{"id":10664,"date":"2025-09-16T13:21:10","date_gmt":"2025-09-16T11:21:10","guid":{"rendered":"https:\/\/www.tempogymjette.be\/?page_id=10664"},"modified":"2025-12-13T10:49:55","modified_gmt":"2025-12-13T09:49:55","slug":"inscriptions","status":"publish","type":"page","link":"https:\/\/www.tempogymjette.be\/index.php\/inscriptions\/","title":{"rendered":"Inscriptions"},"content":{"rendered":"<div id=\"pl-10664\"  class=\"panel-layout\" ><div id=\"pg-10664-0\"  class=\"panel-grid panel-no-style\" ><div id=\"pgc-10664-0-0\"  class=\"panel-grid-cell\" ><div id=\"panel-10664-0-0-0\" class=\"so-panel widget widget_sow-editor panel-first-child panel-last-child\" data-index=\"0\" ><div\n\t\t\t\n\t\t\tclass=\"so-widget-sow-editor so-widget-sow-editor-base\"\n\t\t\t\n\t\t>\n<div class=\"siteorigin-widget-tinymce textwidget\">\n\t<p style=\"text-align: center;\"><span style=\"font-family: 'Comic Sans MS', sans-serif; color: #000000;\"><u>Les inscriptions pour 2025-2026 sont cl\u00f4tur\u00e9es et la liste d'attente satur\u00e9e pour toutes nos sections <strong>Baby-gym, Pr\u00e9-gym, Loisir et Parkour.<\/strong><\/u><\/span><\/p>\n<p style=\"text-align: center;\"><span style=\"font-family: 'Comic Sans MS', sans-serif; color: #000000;\">Il nous reste toutefois quelques places <\/span><\/p>\n<p style=\"text-align: center;\"><span style=\"color: #000000; font-family: 'Comic Sans MS', sans-serif;\">-En comp\u00e9tition de 5h \u00e0 14h\/semaine (sur s\u00e9lection)<\/span><\/p>\n<p style=\"text-align: center;\"><span style=\"font-family: 'Comic Sans MS', sans-serif; color: #000000;\">-En Fun Gym 18+ pour tout adulte ayant envie de pratiquer en autonomie. <span style=\"text-decoration: underline;\"><a href=\"https:\/\/forms.office.com\/Pages\/ResponsePage.aspx?id=DQSIkWdsW0yxEjajBLZtrQAAAAAAAAAAAAa__avyZrpUQkNTNFo3RFlUMFhDWFhMMlNOM0RXM1JaSi4u\"><span style=\"color: #ff0000; text-decoration: underline;\">Inscriptions <span style=\"font-size: 14pt;\">ici<\/span><\/span><\/a><\/span><\/span><\/p>\n<p style=\"text-align: center;\"><span style=\"font-family: 'Comic Sans MS', sans-serif; color: #000000;\">N\u2019h\u00e9sitez donc pas \u00e0 reprendre contact par mail, nous reviendrons rapidement vers vous.<\/span><\/p>\n<p>&nbsp;<\/p>\n<p>&nbsp;<\/p>\n<div>\n<div>\n<div>\n<div style=\"text-align: center;\">\n<p><strong>Futurs membres ? Rendez-vous le 13 juin !<\/strong><\/p>\n<p>&nbsp;<\/p>\n<p>Toute pr\u00e9inscription se fera exclusivement <strong><u>entre le 13 et le 14 juin <\/u><\/strong>via le lien suivant, accessible d\u00e8s 9h<strong>\u00a0<\/strong><a href=\"https:\/\/forms.office.com\/Pages\/ResponsePage.aspx?id=DQSIkWdsW0yxEjajBLZtrQAAAAAAAAAAAAa__avyZrpUQVRVSDNHWjBaNU5NOUg5UlhUOUJGMkZZVC4u\">Pr\u00e9inscription 2026-2027<\/a><\/p>\n<p>Les pr\u00e9inscriptions seront prises par ordre de demande et ne se feront que sur liste d'attente pour nos groupes d\u00e9j\u00e0 complets (merci de vous r\u00e9f\u00e9rer \u00e0 la grille <a href=\"https:\/\/www.tempogymjette.be\/index.php\/cotisations-et-horaires-2025-2026\/\">Cotisations et Horaires<\/a>\u00a0qui sera mise \u00e0 jour d'ici d\u00e9but juin).<\/p>\n<p>En cas de place disponible, un test vous sera propos\u00e9 avant toute inscription d\u00e9finitive.<\/p>\n<p>&nbsp;<\/p>\n<p><strong>Toute inscription re\u00e7ue avant cette date ne sera pas prise en compte.<\/strong><\/p>\n<p><strong>\u00a0<\/strong><\/p>\n<p>Pour toute demande de test en vue d'une int\u00e9gration en comp\u00e9tition merci de compl\u00e9ter le formulaire ci-dessous, accessible d\u00e8s mi-mai.<\/p>\n<p><a href=\"https:\/\/forms.office.com\/Pages\/ResponsePage.aspx?id=DQSIkWdsW0yxEjajBLZtrQAAAAAAAAAAAAa__avyZrpURU5EVjBBNTNFMUJRTUVCSjlSV0EwUlU1RC4u\">Test s\u00e9lection 2026-2027<\/a><\/p>\n<p><strong>\u00a0<\/strong><\/p>\n<p><strong>\u00a0<\/strong><\/p>\n<p>En esp\u00e9rant vous compter un jour parmi nos membres,<\/p>\n<p>l'\u00e9quipe Tempogym<\/p>\n<\/div>\n<\/div>\n<\/div>\n<\/div>\n<\/div>\n<\/div><\/div><\/div><\/div><\/div>","protected":false},"excerpt":{"rendered":"<p>Les inscriptions pour 2025-2026 sont cl\u00f4tur\u00e9es et la liste d&rsquo;attente satur\u00e9e pour toutes nos sections Baby-gym, Pr\u00e9-gym, Loisir et Parkour. Il nous reste toutefois quelques places -En comp\u00e9tition de 5h \u00e0 14h\/semaine (sur s\u00e9lection) -En Fun Gym 18+ pour tout adulte ayant envie de pratiquer en autonomie. Inscriptions ici N\u2019h\u00e9sitez donc pas \u00e0 reprendre contact [&hellip;]<\/p>\n","protected":false},"author":164,"featured_media":0,"parent":0,"menu_order":0,"comment_status":"closed","ping_status":"closed","template":"","meta":{"footnotes":""},"class_list":["post-10664","page","type-page","status-publish","hentry"],"yoast_head":"<!-- This site is optimized with the Yoast SEO plugin v25.1 - https:\/\/yoast.com\/wordpress\/plugins\/seo\/ -->\n<title>Inscriptions - Tempogym Jette<\/title>\n<meta name=\"robots\" content=\"index, follow, max-snippet:-1, max-image-preview:large, max-video-preview:-1\" \/>\n<link rel=\"canonical\" href=\"https:\/\/www.tempogymjette.be\/index.php\/inscriptions\/\" \/>\n<meta property=\"og:locale\" content=\"fr_FR\" \/>\n<meta property=\"og:type\" content=\"article\" \/>\n<meta property=\"og:title\" content=\"Inscriptions - Tempogym Jette\" \/>\n<meta property=\"og:description\" content=\"Les inscriptions pour 2025-2026 sont cl\u00f4tur\u00e9es et la liste d&#039;attente satur\u00e9e pour toutes nos sections Baby-gym, Pr\u00e9-gym, Loisir et Parkour. Il nous reste toutefois quelques places -En comp\u00e9tition de 5h \u00e0 14h\/semaine (sur s\u00e9lection) -En Fun Gym 18+ pour tout adulte ayant envie de pratiquer en autonomie. Inscriptions ici N\u2019h\u00e9sitez donc pas \u00e0 reprendre contact [&hellip;]\" \/>\n<meta property=\"og:url\" content=\"https:\/\/www.tempogymjette.be\/index.php\/inscriptions\/\" \/>\n<meta property=\"og:site_name\" content=\"Tempogym Jette\" \/>\n<meta property=\"article:modified_time\" content=\"2025-12-13T09:49:55+00:00\" \/>\n<meta name=\"twitter:card\" content=\"summary_large_image\" \/>\n<meta name=\"twitter:label1\" content=\"Dur\u00e9e de lecture estim\u00e9e\" \/>\n\t<meta name=\"twitter:data1\" content=\"1 minute\" \/>\n<script type=\"application\/ld+json\" class=\"yoast-schema-graph\">{\"@context\":\"https:\/\/schema.org\",\"@graph\":[{\"@type\":\"WebPage\",\"@id\":\"https:\/\/www.tempogymjette.be\/index.php\/inscriptions\/\",\"url\":\"https:\/\/www.tempogymjette.be\/index.php\/inscriptions\/\",\"name\":\"Inscriptions - Tempogym Jette\",\"isPartOf\":{\"@id\":\"https:\/\/www.tempogymjette.be\/#website\"},\"datePublished\":\"2025-09-16T11:21:10+00:00\",\"dateModified\":\"2025-12-13T09:49:55+00:00\",\"breadcrumb\":{\"@id\":\"https:\/\/www.tempogymjette.be\/index.php\/inscriptions\/#breadcrumb\"},\"inLanguage\":\"fr-FR\",\"potentialAction\":[{\"@type\":\"ReadAction\",\"target\":[\"https:\/\/www.tempogymjette.be\/index.php\/inscriptions\/\"]}]},{\"@type\":\"BreadcrumbList\",\"@id\":\"https:\/\/www.tempogymjette.be\/index.php\/inscriptions\/#breadcrumb\",\"itemListElement\":[{\"@type\":\"ListItem\",\"position\":1,\"name\":\"Accueil\",\"item\":\"https:\/\/www.tempogymjette.be\/\"},{\"@type\":\"ListItem\",\"position\":2,\"name\":\"Inscriptions\"}]},{\"@type\":\"WebSite\",\"@id\":\"https:\/\/www.tempogymjette.be\/#website\",\"url\":\"https:\/\/www.tempogymjette.be\/\",\"name\":\"Tempogym Jette\",\"description\":\"Vive la gym\",\"potentialAction\":[{\"@type\":\"SearchAction\",\"target\":{\"@type\":\"EntryPoint\",\"urlTemplate\":\"https:\/\/www.tempogymjette.be\/?s={search_term_string}\"},\"query-input\":{\"@type\":\"PropertyValueSpecification\",\"valueRequired\":true,\"valueName\":\"search_term_string\"}}],\"inLanguage\":\"fr-FR\"}]}<\/script>\n<!-- \/ Yoast SEO plugin. -->","yoast_head_json":{"title":"Inscriptions - Tempogym Jette","robots":{"index":"index","follow":"follow","max-snippet":"max-snippet:-1","max-image-preview":"max-image-preview:large","max-video-preview":"max-video-preview:-1"},"canonical":"https:\/\/www.tempogymjette.be\/index.php\/inscriptions\/","og_locale":"fr_FR","og_type":"article","og_title":"Inscriptions - Tempogym Jette","og_description":"Les inscriptions pour 2025-2026 sont cl\u00f4tur\u00e9es et la liste d'attente satur\u00e9e pour toutes nos sections Baby-gym, Pr\u00e9-gym, Loisir et Parkour. Il nous reste toutefois quelques places -En comp\u00e9tition de 5h \u00e0 14h\/semaine (sur s\u00e9lection) -En Fun Gym 18+ pour tout adulte ayant envie de pratiquer en autonomie. Inscriptions ici N\u2019h\u00e9sitez donc pas \u00e0 reprendre contact [&hellip;]","og_url":"https:\/\/www.tempogymjette.be\/index.php\/inscriptions\/","og_site_name":"Tempogym Jette","article_modified_time":"2025-12-13T09:49:55+00:00","twitter_card":"summary_large_image","twitter_misc":{"Dur\u00e9e de lecture estim\u00e9e":"1 minute"},"schema":{"@context":"https:\/\/schema.org","@graph":[{"@type":"WebPage","@id":"https:\/\/www.tempogymjette.be\/index.php\/inscriptions\/","url":"https:\/\/www.tempogymjette.be\/index.php\/inscriptions\/","name":"Inscriptions - Tempogym Jette","isPartOf":{"@id":"https:\/\/www.tempogymjette.be\/#website"},"datePublished":"2025-09-16T11:21:10+00:00","dateModified":"2025-12-13T09:49:55+00:00","breadcrumb":{"@id":"https:\/\/www.tempogymjette.be\/index.php\/inscriptions\/#breadcrumb"},"inLanguage":"fr-FR","potentialAction":[{"@type":"ReadAction","target":["https:\/\/www.tempogymjette.be\/index.php\/inscriptions\/"]}]},{"@type":"BreadcrumbList","@id":"https:\/\/www.tempogymjette.be\/index.php\/inscriptions\/#breadcrumb","itemListElement":[{"@type":"ListItem","position":1,"name":"Accueil","item":"https:\/\/www.tempogymjette.be\/"},{"@type":"ListItem","position":2,"name":"Inscriptions"}]},{"@type":"WebSite","@id":"https:\/\/www.tempogymjette.be\/#website","url":"https:\/\/www.tempogymjette.be\/","name":"Tempogym Jette","description":"Vive la gym","potentialAction":[{"@type":"SearchAction","target":{"@type":"EntryPoint","urlTemplate":"https:\/\/www.tempogymjette.be\/?s={search_term_string}"},"query-input":{"@type":"PropertyValueSpecification","valueRequired":true,"valueName":"search_term_string"}}],"inLanguage":"fr-FR"}]}},"jetpack_sharing_enabled":true,"jetpack_shortlink":"https:\/\/wp.me\/P9rq79-2M0","jetpack-related-posts":[],"_links":{"self":[{"href":"https:\/\/www.tempogymjette.be\/index.php\/wp-json\/wp\/v2\/pages\/10664","targetHints":{"allow":["GET"]}}],"collection":[{"href":"https:\/\/www.tempogymjette.be\/index.php\/wp-json\/wp\/v2\/pages"}],"about":[{"href":"https:\/\/www.tempogymjette.be\/index.php\/wp-json\/wp\/v2\/types\/page"}],"author":[{"embeddable":true,"href":"https:\/\/www.tempogymjette.be\/index.php\/wp-json\/wp\/v2\/users\/164"}],"replies":[{"embeddable":true,"href":"https:\/\/www.tempogymjette.be\/index.php\/wp-json\/wp\/v2\/comments?post=10664"}],"version-history":[{"count":4,"href":"https:\/\/www.tempogymjette.be\/index.php\/wp-json\/wp\/v2\/pages\/10664\/revisions"}],"predecessor-version":[{"id":10806,"href":"https:\/\/www.tempogymjette.be\/index.php\/wp-json\/wp\/v2\/pages\/10664\/revisions\/10806"}],"wp:attachment":[{"href":"https:\/\/www.tempogymjette.be\/index.php\/wp-json\/wp\/v2\/media?parent=10664"}],"curies":[{"name":"wp","href":"https:\/\/api.w.org\/{rel}","templated":true}]}}