{"id":2098,"date":"2018-10-11T09:58:26","date_gmt":"2018-10-11T07:58:26","guid":{"rendered":"http:\/\/www.tempogymjette.be\/?page_id=2098"},"modified":"2022-08-23T18:08:26","modified_gmt":"2022-08-23T16:08:26","slug":"philosophie-du-club-2","status":"publish","type":"page","link":"https:\/\/www.tempogymjette.be\/index.php\/philosophie-du-club-2\/","title":{"rendered":"Philosophie du club"},"content":{"rendered":"<div id=\"pl-2098\"  class=\"panel-layout\" ><div id=\"pg-2098-0\"  class=\"panel-grid panel-no-style\" ><div id=\"pgc-2098-0-0\"  class=\"panel-grid-cell\" ><div id=\"panel-2098-0-0-0\" class=\"so-panel widget widget_sow-editor panel-first-child panel-last-child\" data-index=\"0\" ><div\n\t\t\t\n\t\t\tclass=\"so-widget-sow-editor so-widget-sow-editor-base\"\n\t\t\t\n\t\t>\n<div class=\"siteorigin-widget-tinymce textwidget\">\n\t<p><span style=\"font-family: 'Comic Sans MS', sans-serif; color: #000000;\">La gymnastique, sport pour lequel nos pr\u00e9d\u00e9cesseurs \u00e0 la t\u00eate du club et nous-m\u00eames nous investissons depuis 1923, constitue une voie royale pour le d\u00e9veloppement psychomoteur.<\/span><\/p>\n<p><span style=\"font-family: 'Comic Sans MS', sans-serif; color: #000000;\">Ce sport complet sollicitant tous les muscles et articulations a pour vocation premi\u00e8re d\u2019agir avec un maximum d\u2019adresse. En outre, il procure des sensations, c\u2019est la raison pour laquelle les enfants l\u2019appr\u00e9cient tellement.<\/span><\/p>\n<p><span style=\"font-family: 'Comic Sans MS', sans-serif; color: #000000;\">Tempogym Jette c\u2019est l\u2019\u00e9cole de la gymnastique vers l\u2019\u00e9cole de la vie car bon nombre de situations v\u00e9cues par nos gymnastes demandent une gestion mentale transposable en soci\u00e9t\u00e9.<\/span><\/p>\n<p><span style=\"font-family: 'Comic Sans MS', sans-serif; color: #000000;\">\u00c0 la gym il faut \u00eatre concentr\u00e9 et ne pas se laisser d\u00e9stabiliser par l\u2019\u00e9chec dans l\u2019ex\u00e9cution d\u2019une agilit\u00e9. Dans la vie on essaiera de surmonter ses soucis, de se ma\u00eetriser.<\/span><\/p>\n<p><span style=\"font-family: 'Comic Sans MS', sans-serif; color: #000000;\">\u00c0 la gym il faut de la prestance, tenue correcte et port \u00e9l\u00e9gant.\u00a0 Dans la vie on saura se pr\u00e9senter aux autres. <\/span><\/p>\n<p><span style=\"font-family: 'Comic Sans MS', sans-serif; color: #000000;\">\u00c0 la gym il faut parfois travailler dans des conditions difficiles, entra\u00eeneur absent, mat\u00e9riel souhait\u00e9 indisponible ou chauffage en panne dans la salle. Dans la vie on saura supporter des conditions inconfortables. <\/span><\/p>\n<p><span style=\"font-family: 'Comic Sans MS', sans-serif; color: #000000;\">A la gym il faut participer au montage et rangement du mat\u00e9riel. Dans la vie on saura mettre la main \u00e0 la p\u00e2te. Oui la gymnastique rev\u00eat une grande valeur \u00e9ducationnelle.<\/span><\/p>\n<p><span style=\"font-family: 'Comic Sans MS', sans-serif; color: #000000;\">Un club doit \u00eatre fraternel s\u2019il veut remplir sa mission sportivo-\u00e9ducatrice et mener \u00e0 bien ses projets. <\/span><\/p>\n<p><span style=\"color: #000000;\"><span style=\"font-family: 'Comic Sans MS', sans-serif;\">Notre philosophie repose par cons\u00e9quent beaucoup sur l\u2019entraine. Une bonne part du fonctionnement du club passe par des \u00e9changes au profit de tous. Que ce soit au niveau de la gestion administrative, du d\u00e9roulement des entra\u00eenements ou dans l\u2019implication des gymnastes. L\u2019O.A. (organe administratif) compos\u00e9 du Pr\u00e9sident, Vice-Pr\u00e9sident, Secr\u00e9taire et Tr\u00e9sori\u00e8re est soutenu\u00a0<\/span><span style=\"font-family: 'Comic Sans MS', sans-serif;\">r\u00e9guli\u00e8rement dans son action par des entra\u00eeneurs faisant office de \u00ab\u00a0personne ressource\u00a0\u00bb. <\/span><\/span><\/p>\n<p><span style=\"font-family: 'Comic Sans MS', sans-serif; color: #000000;\">Les entra\u00eeneurs, durant leurs cours, re\u00e7oivent l\u2019assistance d\u2019un coll\u00e8gue qui circule de groupe en groupe concr\u00e9tiser ce renfort \u00e9quitablement. <\/span><\/p>\n<p><span style=\"font-family: 'Comic Sans MS', sans-serif; color: #000000;\">Cette assistance technique, organisationnelle et rem\u00e9diatrice est propos\u00e9e \u00e0 tous les groupes qu\u2019ils soient orient\u00e9s ou non vers la comp\u00e9tition.<\/span><\/p>\n<p><span style=\"font-family: 'Comic Sans MS', sans-serif; color: #000000;\">Les gymnastes eux sont invit\u00e9s \u00e0 endosser un r\u00f4le compl\u00e9mentaire \u00e0 celui d\u2019apprenant. \u00catre l\u2019aide ponctuelle \u00e0 la r\u00e9ussite de l\u2019autre. <\/span><\/p>\n<p><span style=\"font-family: 'Comic Sans MS', sans-serif; color: #000000;\">Les jeunes se pr\u00eatent volontiers au jeu gr\u00e2ce \u00e0 leurs pr\u00e9dispositions naturelles pour l\u2019interaction avec leurs paires. <\/span><\/p>\n<p><span style=\"font-family: 'Comic Sans MS', sans-serif; color: #000000;\">Nous pensons que la camaraderie dans la solidarit\u00e9 augmentera la motivation. Les gymnastes se sentiront valoris\u00e9s et consid\u00e9r\u00e9s. <\/span><\/p>\n<p><span style=\"font-family: 'Comic Sans MS', sans-serif; color: #000000;\">Pour les plus \u00e2g\u00e9s d\u2019entre eux qui arrivent en fin de parcours sportif, nous avons mis en place une \u00e9cole interne de formation de moniteurs. Celle-ci fonctionne par le partage de connaissances de la part d\u2019entra\u00eeneurs exp\u00e9riment\u00e9s acceptant de donner de leur temps.<\/span><\/p>\n<p><span style=\"font-family: 'Comic Sans MS', sans-serif; color: #000000;\">L\u2019entente est le fondement de notre association. Agir en commun permet un soulagement dans l\u2019action, le projet ou le travail \u00e0 mener et est facteur d\u2019\u00e9volution, de progression. <\/span><\/p>\n<p><span style=\"font-family: 'Comic Sans MS', sans-serif; color: #000000;\">Apr\u00e8s \u00ab\u00a0aimer\u00a0\u00bb, \u00ab\u00a0aider\u00a0\u00bb n\u2019est-il pas le plus beau verbe de la langue fran\u00e7aise\u00a0?<\/span><\/p>\n<p><span style=\"font-family: 'Comic Sans MS', sans-serif; color: #000000;\">Notre club est ouvert \u00e0 tous, bon ou moins bon gymnaste. <\/span><\/p>\n<p><span style=\"font-family: 'Comic Sans MS', sans-serif; color: #000000;\">L\u2019important c\u2019est le plaisir du jeune dans la pratique de son sport.<\/span><\/p>\n<p><span style=\"font-family: 'Comic Sans MS', sans-serif; color: #000000;\">L\u2019\u00e9quipe est l\u00e0 pour g\u00e9rer, organiser, former, imaginer et dialoguer. <\/span><\/p>\n<p><span style=\"font-family: 'Comic Sans MS', sans-serif; color: #000000;\">C\u2019est un travail agr\u00e9able et int\u00e9ressant mais parfois assez lourd en temps et investissement personnel.<\/span><\/p>\n<p><span style=\"font-family: 'Comic Sans MS', sans-serif; color: #000000;\"> Lourdeur vite oubli\u00e9e lorsque nous voyons le sourire s\u2019afficher sur le visage d\u2019un enfant qui vient de r\u00e9ussir une gestuelle gymnique.<\/span><\/p>\n<\/div>\n<\/div><\/div><\/div><\/div><\/div>","protected":false},"excerpt":{"rendered":"<p>La gymnastique, sport pour lequel nos pr\u00e9d\u00e9cesseurs \u00e0 la t\u00eate du club et nous-m\u00eames nous investissons depuis 1923, constitue une voie royale pour le d\u00e9veloppement psychomoteur. Ce sport complet sollicitant tous les muscles et articulations a pour vocation premi\u00e8re d\u2019agir avec un maximum d\u2019adresse. En outre, il procure des sensations, c\u2019est la raison pour laquelle [&hellip;]<\/p>\n","protected":false},"author":164,"featured_media":0,"parent":0,"menu_order":0,"comment_status":"closed","ping_status":"closed","template":"","meta":{"footnotes":""},"class_list":["post-2098","page","type-page","status-publish","hentry"],"yoast_head":"<!-- This site is optimized with the Yoast SEO plugin v25.1 - https:\/\/yoast.com\/wordpress\/plugins\/seo\/ -->\n<title>Philosophie du club - Tempogym Jette<\/title>\n<meta name=\"robots\" content=\"index, follow, max-snippet:-1, max-image-preview:large, max-video-preview:-1\" \/>\n<link rel=\"canonical\" href=\"https:\/\/www.tempogymjette.be\/index.php\/philosophie-du-club-2\/\" \/>\n<meta property=\"og:locale\" content=\"fr_FR\" \/>\n<meta property=\"og:type\" content=\"article\" \/>\n<meta property=\"og:title\" content=\"Philosophie du club - Tempogym Jette\" \/>\n<meta property=\"og:description\" content=\"La gymnastique, sport pour lequel nos pr\u00e9d\u00e9cesseurs \u00e0 la t\u00eate du club et nous-m\u00eames nous investissons depuis 1923, constitue une voie royale pour le d\u00e9veloppement psychomoteur. Ce sport complet sollicitant tous les muscles et articulations a pour vocation premi\u00e8re d\u2019agir avec un maximum d\u2019adresse. En outre, il procure des sensations, c\u2019est la raison pour laquelle [&hellip;]\" \/>\n<meta property=\"og:url\" content=\"https:\/\/www.tempogymjette.be\/index.php\/philosophie-du-club-2\/\" \/>\n<meta property=\"og:site_name\" content=\"Tempogym Jette\" \/>\n<meta property=\"article:modified_time\" content=\"2022-08-23T16:08:26+00:00\" \/>\n<meta name=\"twitter:card\" content=\"summary_large_image\" \/>\n<meta name=\"twitter:label1\" content=\"Dur\u00e9e de lecture estim\u00e9e\" \/>\n\t<meta name=\"twitter:data1\" content=\"3 minutes\" \/>\n<script type=\"application\/ld+json\" class=\"yoast-schema-graph\">{\"@context\":\"https:\/\/schema.org\",\"@graph\":[{\"@type\":\"WebPage\",\"@id\":\"https:\/\/www.tempogymjette.be\/index.php\/philosophie-du-club-2\/\",\"url\":\"https:\/\/www.tempogymjette.be\/index.php\/philosophie-du-club-2\/\",\"name\":\"Philosophie du club - Tempogym Jette\",\"isPartOf\":{\"@id\":\"https:\/\/www.tempogymjette.be\/#website\"},\"datePublished\":\"2018-10-11T07:58:26+00:00\",\"dateModified\":\"2022-08-23T16:08:26+00:00\",\"breadcrumb\":{\"@id\":\"https:\/\/www.tempogymjette.be\/index.php\/philosophie-du-club-2\/#breadcrumb\"},\"inLanguage\":\"fr-FR\",\"potentialAction\":[{\"@type\":\"ReadAction\",\"target\":[\"https:\/\/www.tempogymjette.be\/index.php\/philosophie-du-club-2\/\"]}]},{\"@type\":\"BreadcrumbList\",\"@id\":\"https:\/\/www.tempogymjette.be\/index.php\/philosophie-du-club-2\/#breadcrumb\",\"itemListElement\":[{\"@type\":\"ListItem\",\"position\":1,\"name\":\"Accueil\",\"item\":\"https:\/\/www.tempogymjette.be\/\"},{\"@type\":\"ListItem\",\"position\":2,\"name\":\"Philosophie du club\"}]},{\"@type\":\"WebSite\",\"@id\":\"https:\/\/www.tempogymjette.be\/#website\",\"url\":\"https:\/\/www.tempogymjette.be\/\",\"name\":\"Tempogym Jette\",\"description\":\"Vive la gym\",\"potentialAction\":[{\"@type\":\"SearchAction\",\"target\":{\"@type\":\"EntryPoint\",\"urlTemplate\":\"https:\/\/www.tempogymjette.be\/?s={search_term_string}\"},\"query-input\":{\"@type\":\"PropertyValueSpecification\",\"valueRequired\":true,\"valueName\":\"search_term_string\"}}],\"inLanguage\":\"fr-FR\"}]}<\/script>\n<!-- \/ Yoast SEO plugin. -->","yoast_head_json":{"title":"Philosophie du club - Tempogym Jette","robots":{"index":"index","follow":"follow","max-snippet":"max-snippet:-1","max-image-preview":"max-image-preview:large","max-video-preview":"max-video-preview:-1"},"canonical":"https:\/\/www.tempogymjette.be\/index.php\/philosophie-du-club-2\/","og_locale":"fr_FR","og_type":"article","og_title":"Philosophie du club - Tempogym Jette","og_description":"La gymnastique, sport pour lequel nos pr\u00e9d\u00e9cesseurs \u00e0 la t\u00eate du club et nous-m\u00eames nous investissons depuis 1923, constitue une voie royale pour le d\u00e9veloppement psychomoteur. Ce sport complet sollicitant tous les muscles et articulations a pour vocation premi\u00e8re d\u2019agir avec un maximum d\u2019adresse. En outre, il procure des sensations, c\u2019est la raison pour laquelle [&hellip;]","og_url":"https:\/\/www.tempogymjette.be\/index.php\/philosophie-du-club-2\/","og_site_name":"Tempogym Jette","article_modified_time":"2022-08-23T16:08:26+00:00","twitter_card":"summary_large_image","twitter_misc":{"Dur\u00e9e de lecture estim\u00e9e":"3 minutes"},"schema":{"@context":"https:\/\/schema.org","@graph":[{"@type":"WebPage","@id":"https:\/\/www.tempogymjette.be\/index.php\/philosophie-du-club-2\/","url":"https:\/\/www.tempogymjette.be\/index.php\/philosophie-du-club-2\/","name":"Philosophie du club - Tempogym Jette","isPartOf":{"@id":"https:\/\/www.tempogymjette.be\/#website"},"datePublished":"2018-10-11T07:58:26+00:00","dateModified":"2022-08-23T16:08:26+00:00","breadcrumb":{"@id":"https:\/\/www.tempogymjette.be\/index.php\/philosophie-du-club-2\/#breadcrumb"},"inLanguage":"fr-FR","potentialAction":[{"@type":"ReadAction","target":["https:\/\/www.tempogymjette.be\/index.php\/philosophie-du-club-2\/"]}]},{"@type":"BreadcrumbList","@id":"https:\/\/www.tempogymjette.be\/index.php\/philosophie-du-club-2\/#breadcrumb","itemListElement":[{"@type":"ListItem","position":1,"name":"Accueil","item":"https:\/\/www.tempogymjette.be\/"},{"@type":"ListItem","position":2,"name":"Philosophie du club"}]},{"@type":"WebSite","@id":"https:\/\/www.tempogymjette.be\/#website","url":"https:\/\/www.tempogymjette.be\/","name":"Tempogym Jette","description":"Vive la gym","potentialAction":[{"@type":"SearchAction","target":{"@type":"EntryPoint","urlTemplate":"https:\/\/www.tempogymjette.be\/?s={search_term_string}"},"query-input":{"@type":"PropertyValueSpecification","valueRequired":true,"valueName":"search_term_string"}}],"inLanguage":"fr-FR"}]}},"jetpack_sharing_enabled":true,"jetpack_shortlink":"https:\/\/wp.me\/P9rq79-xQ","jetpack-related-posts":[],"_links":{"self":[{"href":"https:\/\/www.tempogymjette.be\/index.php\/wp-json\/wp\/v2\/pages\/2098","targetHints":{"allow":["GET"]}}],"collection":[{"href":"https:\/\/www.tempogymjette.be\/index.php\/wp-json\/wp\/v2\/pages"}],"about":[{"href":"https:\/\/www.tempogymjette.be\/index.php\/wp-json\/wp\/v2\/types\/page"}],"author":[{"embeddable":true,"href":"https:\/\/www.tempogymjette.be\/index.php\/wp-json\/wp\/v2\/users\/164"}],"replies":[{"embeddable":true,"href":"https:\/\/www.tempogymjette.be\/index.php\/wp-json\/wp\/v2\/comments?post=2098"}],"version-history":[{"count":6,"href":"https:\/\/www.tempogymjette.be\/index.php\/wp-json\/wp\/v2\/pages\/2098\/revisions"}],"predecessor-version":[{"id":9429,"href":"https:\/\/www.tempogymjette.be\/index.php\/wp-json\/wp\/v2\/pages\/2098\/revisions\/9429"}],"wp:attachment":[{"href":"https:\/\/www.tempogymjette.be\/index.php\/wp-json\/wp\/v2\/media?parent=2098"}],"curies":[{"name":"wp","href":"https:\/\/api.w.org\/{rel}","templated":true}]}}