{"id":395,"date":"2017-10-24T14:50:39","date_gmt":"2017-10-24T12:50:39","guid":{"rendered":"http:\/\/www.tempogymjette.be\/?page_id=395"},"modified":"2023-01-22T17:38:06","modified_gmt":"2023-01-22T16:38:06","slug":"kine-2","status":"publish","type":"page","link":"https:\/\/www.tempogymjette.be\/index.php\/kine-2\/","title":{"rendered":"Kin\u00e9s"},"content":{"rendered":"<div id=\"pl-395\"  class=\"panel-layout\" ><div id=\"pg-395-0\"  class=\"panel-grid panel-no-style\" ><div id=\"pgc-395-0-0\"  class=\"panel-grid-cell\" ><div id=\"panel-395-0-0-0\" class=\"so-panel widget widget_sow-editor panel-first-child panel-last-child\" data-index=\"0\" ><div\n\t\t\t\n\t\t\tclass=\"so-widget-sow-editor so-widget-sow-editor-base\"\n\t\t\t\n\t\t>\n<div class=\"siteorigin-widget-tinymce textwidget\">\n\t<p style=\"text-align: center;\"><span style=\"font-family: 'Comic Sans MS', sans-serif; color: #000000;\">N'h\u00e9sitez pas \u00e0 contacter nos kin\u00e9s de r\u00e9f\u00e9rence (moniteur, anciens moniteurs ou membre du comit\u00e9).<\/span><\/p>\n<p><a href=\"https:\/\/i0.wp.com\/www.tempogymjette.be\/wp-content\/uploads\/2023\/01\/carte-de-visite-professionnelle-Burton-Florence_page-0001.jpg\"><img data-attachment-id=\"9618\" data-permalink=\"https:\/\/www.tempogymjette.be\/index.php\/kine-2\/carte-de-visite-professionnelle-burton-florence_page-0001\/\" data-orig-file=\"https:\/\/i0.wp.com\/www.tempogymjette.be\/wp-content\/uploads\/2023\/01\/carte-de-visite-professionnelle-Burton-Florence_page-0001.jpg?fit=540%2C355&amp;ssl=1\" data-orig-size=\"540,355\" data-comments-opened=\"0\" data-image-meta=\"{&quot;aperture&quot;:&quot;0&quot;,&quot;credit&quot;:&quot;&quot;,&quot;camera&quot;:&quot;&quot;,&quot;caption&quot;:&quot;&quot;,&quot;created_timestamp&quot;:&quot;0&quot;,&quot;copyright&quot;:&quot;&quot;,&quot;focal_length&quot;:&quot;0&quot;,&quot;iso&quot;:&quot;0&quot;,&quot;shutter_speed&quot;:&quot;0&quot;,&quot;title&quot;:&quot;&quot;,&quot;orientation&quot;:&quot;0&quot;}\" data-image-title=\"carte de visite professionnelle Burton Florence_page-0001\" data-image-description=\"\" data-image-caption=\"\" data-medium-file=\"https:\/\/i0.wp.com\/www.tempogymjette.be\/wp-content\/uploads\/2023\/01\/carte-de-visite-professionnelle-Burton-Florence_page-0001.jpg?fit=300%2C197&amp;ssl=1\" data-large-file=\"https:\/\/i0.wp.com\/www.tempogymjette.be\/wp-content\/uploads\/2023\/01\/carte-de-visite-professionnelle-Burton-Florence_page-0001.jpg?fit=540%2C355&amp;ssl=1\" data-recalc-dims=\"1\" loading=\"lazy\" decoding=\"async\" class=\"wp-image-9618 aligncenter\" src=\"https:\/\/i0.wp.com\/www.tempogymjette.be\/wp-content\/uploads\/2023\/01\/carte-de-visite-professionnelle-Burton-Florence_page-0001.jpg?resize=775%2C510\" alt=\"\" width=\"775\" height=\"510\" srcset=\"https:\/\/i0.wp.com\/www.tempogymjette.be\/wp-content\/uploads\/2023\/01\/carte-de-visite-professionnelle-Burton-Florence_page-0001.jpg?w=540&amp;ssl=1 540w, https:\/\/i0.wp.com\/www.tempogymjette.be\/wp-content\/uploads\/2023\/01\/carte-de-visite-professionnelle-Burton-Florence_page-0001.jpg?resize=300%2C197&amp;ssl=1 300w\" sizes=\"auto, (max-width: 775px) 100vw, 775px\" \/><\/a><\/p>\n<hr \/>\n<p>&nbsp;<\/p>\n<p><img data-attachment-id=\"396\" data-permalink=\"https:\/\/www.tempogymjette.be\/index.php\/kine-2\/carte-de-visite-cabinet\/\" data-orig-file=\"https:\/\/i0.wp.com\/www.tempogymjette.be\/wp-content\/uploads\/2017\/10\/carte-de-visite-cabinet-e1508849414628.jpeg?fit=721%2C450&amp;ssl=1\" data-orig-size=\"721,450\" data-comments-opened=\"1\" data-image-meta=\"{&quot;aperture&quot;:&quot;0&quot;,&quot;credit&quot;:&quot;&quot;,&quot;camera&quot;:&quot;&quot;,&quot;caption&quot;:&quot;&quot;,&quot;created_timestamp&quot;:&quot;0&quot;,&quot;copyright&quot;:&quot;&quot;,&quot;focal_length&quot;:&quot;0&quot;,&quot;iso&quot;:&quot;0&quot;,&quot;shutter_speed&quot;:&quot;0&quot;,&quot;title&quot;:&quot;&quot;,&quot;orientation&quot;:&quot;0&quot;}\" data-image-title=\"carte de visite cabinet\" data-image-description=\"\" data-image-caption=\"\" data-medium-file=\"https:\/\/i0.wp.com\/www.tempogymjette.be\/wp-content\/uploads\/2017\/10\/carte-de-visite-cabinet-e1508849414628.jpeg?fit=300%2C187&amp;ssl=1\" data-large-file=\"https:\/\/i0.wp.com\/www.tempogymjette.be\/wp-content\/uploads\/2017\/10\/carte-de-visite-cabinet-e1508849414628.jpeg?fit=1024%2C639&amp;ssl=1\" data-recalc-dims=\"1\" loading=\"lazy\" decoding=\"async\" class=\"size-full wp-image-396 aligncenter\" src=\"https:\/\/i0.wp.com\/www.tempogymjette.be\/wp-content\/uploads\/2017\/10\/carte-de-visite-cabinet-e1508849414628.jpeg?resize=721%2C450\" alt=\"\" width=\"721\" height=\"450\" \/><\/p>\n<hr \/>\n<p><a href=\"https:\/\/i0.wp.com\/www.tempogymjette.be\/wp-content\/uploads\/2023\/01\/Carte-de-visite-Apolline.jpg\"><img data-attachment-id=\"9613\" data-permalink=\"https:\/\/www.tempogymjette.be\/index.php\/kine-2\/carte-de-visite-apolline\/\" data-orig-file=\"https:\/\/i0.wp.com\/www.tempogymjette.be\/wp-content\/uploads\/2023\/01\/Carte-de-visite-Apolline.jpg?fit=874%2C534&amp;ssl=1\" data-orig-size=\"874,534\" data-comments-opened=\"0\" data-image-meta=\"{&quot;aperture&quot;:&quot;0&quot;,&quot;credit&quot;:&quot;&quot;,&quot;camera&quot;:&quot;&quot;,&quot;caption&quot;:&quot;&quot;,&quot;created_timestamp&quot;:&quot;0&quot;,&quot;copyright&quot;:&quot;&quot;,&quot;focal_length&quot;:&quot;0&quot;,&quot;iso&quot;:&quot;0&quot;,&quot;shutter_speed&quot;:&quot;0&quot;,&quot;title&quot;:&quot;&quot;,&quot;orientation&quot;:&quot;0&quot;}\" data-image-title=\"Carte de visite Apolline\" data-image-description=\"\" data-image-caption=\"\" data-medium-file=\"https:\/\/i0.wp.com\/www.tempogymjette.be\/wp-content\/uploads\/2023\/01\/Carte-de-visite-Apolline.jpg?fit=300%2C183&amp;ssl=1\" data-large-file=\"https:\/\/i0.wp.com\/www.tempogymjette.be\/wp-content\/uploads\/2023\/01\/Carte-de-visite-Apolline.jpg?fit=874%2C534&amp;ssl=1\" data-recalc-dims=\"1\" loading=\"lazy\" decoding=\"async\" class=\"wp-image-9613 aligncenter\" src=\"https:\/\/i0.wp.com\/www.tempogymjette.be\/wp-content\/uploads\/2023\/01\/Carte-de-visite-Apolline.jpg?resize=722%2C441\" alt=\"\" width=\"722\" height=\"441\" srcset=\"https:\/\/i0.wp.com\/www.tempogymjette.be\/wp-content\/uploads\/2023\/01\/Carte-de-visite-Apolline.jpg?w=874&amp;ssl=1 874w, https:\/\/i0.wp.com\/www.tempogymjette.be\/wp-content\/uploads\/2023\/01\/Carte-de-visite-Apolline.jpg?resize=300%2C183&amp;ssl=1 300w, https:\/\/i0.wp.com\/www.tempogymjette.be\/wp-content\/uploads\/2023\/01\/Carte-de-visite-Apolline.jpg?resize=768%2C469&amp;ssl=1 768w\" sizes=\"auto, (max-width: 722px) 100vw, 722px\" \/><\/a><\/p>\n<\/div>\n<\/div><\/div><\/div><\/div><\/div>","protected":false},"excerpt":{"rendered":"<p>N&rsquo;h\u00e9sitez pas \u00e0 contacter nos kin\u00e9s de r\u00e9f\u00e9rence (moniteur, anciens moniteurs ou membre du comit\u00e9). &nbsp;<\/p>\n","protected":false},"author":164,"featured_media":0,"parent":0,"menu_order":0,"comment_status":"closed","ping_status":"closed","template":"","meta":{"footnotes":""},"class_list":["post-395","page","type-page","status-publish","hentry"],"yoast_head":"<!-- This site is optimized with the Yoast SEO plugin v25.1 - https:\/\/yoast.com\/wordpress\/plugins\/seo\/ -->\n<title>Kin\u00e9s - Tempogym Jette<\/title>\n<meta name=\"robots\" content=\"index, follow, max-snippet:-1, max-image-preview:large, max-video-preview:-1\" \/>\n<link rel=\"canonical\" href=\"https:\/\/www.tempogymjette.be\/index.php\/kine-2\/\" \/>\n<meta property=\"og:locale\" content=\"fr_FR\" \/>\n<meta property=\"og:type\" content=\"article\" \/>\n<meta property=\"og:title\" content=\"Kin\u00e9s - Tempogym Jette\" \/>\n<meta property=\"og:description\" content=\"N&#039;h\u00e9sitez pas \u00e0 contacter nos kin\u00e9s de r\u00e9f\u00e9rence (moniteur, anciens moniteurs ou membre du comit\u00e9). &nbsp;\" \/>\n<meta property=\"og:url\" content=\"https:\/\/www.tempogymjette.be\/index.php\/kine-2\/\" \/>\n<meta property=\"og:site_name\" content=\"Tempogym Jette\" \/>\n<meta property=\"article:modified_time\" content=\"2023-01-22T16:38:06+00:00\" \/>\n<meta property=\"og:image\" content=\"http:\/\/www.tempogymjette.be\/wp-content\/uploads\/2023\/01\/carte-de-visite-professionnelle-Burton-Florence_page-0001.jpg\" \/>\n<meta name=\"twitter:card\" content=\"summary_large_image\" \/>\n<meta name=\"twitter:label1\" content=\"Dur\u00e9e de lecture estim\u00e9e\" \/>\n\t<meta name=\"twitter:data1\" content=\"1 minute\" \/>\n<script type=\"application\/ld+json\" class=\"yoast-schema-graph\">{\"@context\":\"https:\/\/schema.org\",\"@graph\":[{\"@type\":\"WebPage\",\"@id\":\"https:\/\/www.tempogymjette.be\/index.php\/kine-2\/\",\"url\":\"https:\/\/www.tempogymjette.be\/index.php\/kine-2\/\",\"name\":\"Kin\u00e9s - Tempogym Jette\",\"isPartOf\":{\"@id\":\"https:\/\/www.tempogymjette.be\/#website\"},\"primaryImageOfPage\":{\"@id\":\"https:\/\/www.tempogymjette.be\/index.php\/kine-2\/#primaryimage\"},\"image\":{\"@id\":\"https:\/\/www.tempogymjette.be\/index.php\/kine-2\/#primaryimage\"},\"thumbnailUrl\":\"http:\/\/www.tempogymjette.be\/wp-content\/uploads\/2023\/01\/carte-de-visite-professionnelle-Burton-Florence_page-0001.jpg\",\"datePublished\":\"2017-10-24T12:50:39+00:00\",\"dateModified\":\"2023-01-22T16:38:06+00:00\",\"breadcrumb\":{\"@id\":\"https:\/\/www.tempogymjette.be\/index.php\/kine-2\/#breadcrumb\"},\"inLanguage\":\"fr-FR\",\"potentialAction\":[{\"@type\":\"ReadAction\",\"target\":[\"https:\/\/www.tempogymjette.be\/index.php\/kine-2\/\"]}]},{\"@type\":\"ImageObject\",\"inLanguage\":\"fr-FR\",\"@id\":\"https:\/\/www.tempogymjette.be\/index.php\/kine-2\/#primaryimage\",\"url\":\"http:\/\/www.tempogymjette.be\/wp-content\/uploads\/2023\/01\/carte-de-visite-professionnelle-Burton-Florence_page-0001.jpg\",\"contentUrl\":\"http:\/\/www.tempogymjette.be\/wp-content\/uploads\/2023\/01\/carte-de-visite-professionnelle-Burton-Florence_page-0001.jpg\"},{\"@type\":\"BreadcrumbList\",\"@id\":\"https:\/\/www.tempogymjette.be\/index.php\/kine-2\/#breadcrumb\",\"itemListElement\":[{\"@type\":\"ListItem\",\"position\":1,\"name\":\"Accueil\",\"item\":\"https:\/\/www.tempogymjette.be\/\"},{\"@type\":\"ListItem\",\"position\":2,\"name\":\"Kin\u00e9s\"}]},{\"@type\":\"WebSite\",\"@id\":\"https:\/\/www.tempogymjette.be\/#website\",\"url\":\"https:\/\/www.tempogymjette.be\/\",\"name\":\"Tempogym Jette\",\"description\":\"Vive la gym\",\"potentialAction\":[{\"@type\":\"SearchAction\",\"target\":{\"@type\":\"EntryPoint\",\"urlTemplate\":\"https:\/\/www.tempogymjette.be\/?s={search_term_string}\"},\"query-input\":{\"@type\":\"PropertyValueSpecification\",\"valueRequired\":true,\"valueName\":\"search_term_string\"}}],\"inLanguage\":\"fr-FR\"}]}<\/script>\n<!-- \/ Yoast SEO plugin. -->","yoast_head_json":{"title":"Kin\u00e9s - Tempogym Jette","robots":{"index":"index","follow":"follow","max-snippet":"max-snippet:-1","max-image-preview":"max-image-preview:large","max-video-preview":"max-video-preview:-1"},"canonical":"https:\/\/www.tempogymjette.be\/index.php\/kine-2\/","og_locale":"fr_FR","og_type":"article","og_title":"Kin\u00e9s - Tempogym Jette","og_description":"N'h\u00e9sitez pas \u00e0 contacter nos kin\u00e9s de r\u00e9f\u00e9rence (moniteur, anciens moniteurs ou membre du comit\u00e9). &nbsp;","og_url":"https:\/\/www.tempogymjette.be\/index.php\/kine-2\/","og_site_name":"Tempogym Jette","article_modified_time":"2023-01-22T16:38:06+00:00","og_image":[{"url":"http:\/\/www.tempogymjette.be\/wp-content\/uploads\/2023\/01\/carte-de-visite-professionnelle-Burton-Florence_page-0001.jpg","type":"","width":"","height":""}],"twitter_card":"summary_large_image","twitter_misc":{"Dur\u00e9e de lecture estim\u00e9e":"1 minute"},"schema":{"@context":"https:\/\/schema.org","@graph":[{"@type":"WebPage","@id":"https:\/\/www.tempogymjette.be\/index.php\/kine-2\/","url":"https:\/\/www.tempogymjette.be\/index.php\/kine-2\/","name":"Kin\u00e9s - Tempogym Jette","isPartOf":{"@id":"https:\/\/www.tempogymjette.be\/#website"},"primaryImageOfPage":{"@id":"https:\/\/www.tempogymjette.be\/index.php\/kine-2\/#primaryimage"},"image":{"@id":"https:\/\/www.tempogymjette.be\/index.php\/kine-2\/#primaryimage"},"thumbnailUrl":"http:\/\/www.tempogymjette.be\/wp-content\/uploads\/2023\/01\/carte-de-visite-professionnelle-Burton-Florence_page-0001.jpg","datePublished":"2017-10-24T12:50:39+00:00","dateModified":"2023-01-22T16:38:06+00:00","breadcrumb":{"@id":"https:\/\/www.tempogymjette.be\/index.php\/kine-2\/#breadcrumb"},"inLanguage":"fr-FR","potentialAction":[{"@type":"ReadAction","target":["https:\/\/www.tempogymjette.be\/index.php\/kine-2\/"]}]},{"@type":"ImageObject","inLanguage":"fr-FR","@id":"https:\/\/www.tempogymjette.be\/index.php\/kine-2\/#primaryimage","url":"http:\/\/www.tempogymjette.be\/wp-content\/uploads\/2023\/01\/carte-de-visite-professionnelle-Burton-Florence_page-0001.jpg","contentUrl":"http:\/\/www.tempogymjette.be\/wp-content\/uploads\/2023\/01\/carte-de-visite-professionnelle-Burton-Florence_page-0001.jpg"},{"@type":"BreadcrumbList","@id":"https:\/\/www.tempogymjette.be\/index.php\/kine-2\/#breadcrumb","itemListElement":[{"@type":"ListItem","position":1,"name":"Accueil","item":"https:\/\/www.tempogymjette.be\/"},{"@type":"ListItem","position":2,"name":"Kin\u00e9s"}]},{"@type":"WebSite","@id":"https:\/\/www.tempogymjette.be\/#website","url":"https:\/\/www.tempogymjette.be\/","name":"Tempogym Jette","description":"Vive la gym","potentialAction":[{"@type":"SearchAction","target":{"@type":"EntryPoint","urlTemplate":"https:\/\/www.tempogymjette.be\/?s={search_term_string}"},"query-input":{"@type":"PropertyValueSpecification","valueRequired":true,"valueName":"search_term_string"}}],"inLanguage":"fr-FR"}]}},"jetpack_sharing_enabled":true,"jetpack_shortlink":"https:\/\/wp.me\/P9rq79-6n","jetpack-related-posts":[],"_links":{"self":[{"href":"https:\/\/www.tempogymjette.be\/index.php\/wp-json\/wp\/v2\/pages\/395","targetHints":{"allow":["GET"]}}],"collection":[{"href":"https:\/\/www.tempogymjette.be\/index.php\/wp-json\/wp\/v2\/pages"}],"about":[{"href":"https:\/\/www.tempogymjette.be\/index.php\/wp-json\/wp\/v2\/types\/page"}],"author":[{"embeddable":true,"href":"https:\/\/www.tempogymjette.be\/index.php\/wp-json\/wp\/v2\/users\/164"}],"replies":[{"embeddable":true,"href":"https:\/\/www.tempogymjette.be\/index.php\/wp-json\/wp\/v2\/comments?post=395"}],"version-history":[{"count":12,"href":"https:\/\/www.tempogymjette.be\/index.php\/wp-json\/wp\/v2\/pages\/395\/revisions"}],"predecessor-version":[{"id":9622,"href":"https:\/\/www.tempogymjette.be\/index.php\/wp-json\/wp\/v2\/pages\/395\/revisions\/9622"}],"wp:attachment":[{"href":"https:\/\/www.tempogymjette.be\/index.php\/wp-json\/wp\/v2\/media?parent=395"}],"curies":[{"name":"wp","href":"https:\/\/api.w.org\/{rel}","templated":true}]}}