{"id":8748,"date":"2021-07-05T15:41:45","date_gmt":"2021-07-05T13:41:45","guid":{"rendered":"http:\/\/www.tempogymjette.be\/?page_id=8748"},"modified":"2025-09-16T14:02:14","modified_gmt":"2025-09-16T12:02:14","slug":"stage-2025-2026","status":"publish","type":"page","link":"https:\/\/www.tempogymjette.be\/index.php\/stage-2025-2026\/","title":{"rendered":"Stage 2025-2026"},"content":{"rendered":"<div id=\"pl-8748\"  class=\"panel-layout\" ><div id=\"pg-8748-0\"  class=\"panel-grid panel-no-style\" ><div id=\"pgc-8748-0-0\"  class=\"panel-grid-cell\" ><div id=\"panel-8748-0-0-0\" class=\"so-panel widget widget_black-studio-tinymce widget_black_studio_tinymce panel-first-child panel-last-child\" data-index=\"0\" ><div class=\"textwidget\"><p style=\"text-align: center;\"><span style=\"font-family: 'Comic Sans MS', sans-serif; color: #000000;\">Nos stages en soir\u00e9e ne sont propos\u00e9s qu\u2019aux groupes comp\u00e9tition GAF et GAM ce pour une question d\u2019organisation.<\/span><\/p>\n<p style=\"text-align: center;\"><span style=\"font-family: 'Comic Sans MS', sans-serif; color: #000000;\">Pour les groupes loisirs, des stages se d\u00e9roulent en journ\u00e9e en partenariat avec le CFS.<\/span><\/p>\n<div class=\"page\" title=\"Page 8\">\n<div class=\"layoutArea\">\n<div class=\"column\">\n<hr \/>\n<p style=\"text-align: center;\"><span style=\"text-decoration: underline;\"><span style=\"font-family: 'Comic Sans MS', sans-serif; color: #000000; text-decoration: underline;\">Automne 2025<\/span><\/span><br \/>\n<span style=\"font-family: 'Comic Sans MS', sans-serif; color: #000000;\">Du 27 au 31 octobre 2025, de 17h30 \u00e0 20h<\/span><\/p>\n<p style=\"text-align: center;\">\n<span style=\"text-decoration: underline;\"><span style=\"font-family: 'Comic Sans MS', sans-serif; color: #000000; text-decoration: underline;\">Carnaval 2026<\/span><\/span><br \/>\n<span style=\"font-family: 'Comic Sans MS', sans-serif; color: #000000;\">Du 16 au 20 f\u00e9vrier 2026, de 17h30 \u00e0 20h<\/span><\/p>\n<p style=\"text-align: center;\">\n<span style=\"text-decoration: underline;\"><span style=\"font-family: 'Comic Sans MS', sans-serif; color: #000000; text-decoration: underline;\">Printemps 2026<\/span><\/span><br \/>\n<span style=\"font-family: 'Comic Sans MS', sans-serif; color: #000000;\">Du 4 au 8 mai 2026, de 17h30 \u00e0 20h<\/span><\/p>\n<p style=\"text-align: center;\">\n<span style=\"text-decoration: underline;\"><span style=\"font-family: 'Comic Sans MS', sans-serif; color: #000000; text-decoration: underline;\">Reprise Ao\u00fbt 2026<\/span><\/span><br \/>\n<span style=\"font-family: 'Comic Sans MS', sans-serif; color: #000000;\">Du 17 au 21 ao\u00fbt 2026, de 17h30 \u00e0 20h<\/span><\/p>\n<p style=\"text-align: center;\">\n<span style=\"font-family: 'Comic Sans MS', sans-serif; color: #000000;\">Il est demand\u00e9 16\u20ac\/jour pour toute inscription \u00e0 l\u2019un de nos stages.<\/span><\/p>\n<p style=\"text-align: center;\"><span style=\"color: #000000; font-size: 14pt; font-family: 'Comic Sans MS', sans-serif;\"><strong>*Nous nous re\u0301servons le droit d\u2019annuler un stage si le nombre d\u2019inscrits est insuffisant.<\/strong><\/span><\/p>\n<\/div>\n<\/div>\n<\/div>\n<\/div><\/div><\/div><\/div><\/div>","protected":false},"excerpt":{"rendered":"<p>Nos stages en soir\u00e9e ne sont propos\u00e9s qu\u2019aux groupes comp\u00e9tition GAF et GAM ce pour une question d\u2019organisation. Pour les groupes loisirs, des stages se d\u00e9roulent en journ\u00e9e en partenariat avec le CFS. Automne 2025 Du 27 au 31 octobre 2025, de 17h30 \u00e0 20h Carnaval 2026 Du 16 au 20 f\u00e9vrier 2026, de 17h30 [&hellip;]<\/p>\n","protected":false},"author":164,"featured_media":0,"parent":0,"menu_order":0,"comment_status":"closed","ping_status":"closed","template":"","meta":{"footnotes":""},"class_list":["post-8748","page","type-page","status-publish","hentry"],"yoast_head":"<!-- This site is optimized with the Yoast SEO plugin v25.1 - https:\/\/yoast.com\/wordpress\/plugins\/seo\/ -->\n<title>Stage 2025-2026 - Tempogym Jette<\/title>\n<meta name=\"robots\" content=\"index, follow, max-snippet:-1, max-image-preview:large, max-video-preview:-1\" \/>\n<link rel=\"canonical\" href=\"https:\/\/www.tempogymjette.be\/index.php\/stage-2025-2026\/\" \/>\n<meta property=\"og:locale\" content=\"fr_FR\" \/>\n<meta property=\"og:type\" content=\"article\" \/>\n<meta property=\"og:title\" content=\"Stage 2025-2026 - Tempogym Jette\" \/>\n<meta property=\"og:description\" content=\"Nos stages en soir\u00e9e ne sont propos\u00e9s qu\u2019aux groupes comp\u00e9tition GAF et GAM ce pour une question d\u2019organisation. Pour les groupes loisirs, des stages se d\u00e9roulent en journ\u00e9e en partenariat avec le CFS. Automne 2025 Du 27 au 31 octobre 2025, de 17h30 \u00e0 20h Carnaval 2026 Du 16 au 20 f\u00e9vrier 2026, de 17h30 [&hellip;]\" \/>\n<meta property=\"og:url\" content=\"https:\/\/www.tempogymjette.be\/index.php\/stage-2025-2026\/\" \/>\n<meta property=\"og:site_name\" content=\"Tempogym Jette\" \/>\n<meta property=\"article:modified_time\" content=\"2025-09-16T12:02:14+00:00\" \/>\n<meta name=\"twitter:card\" content=\"summary_large_image\" \/>\n<meta name=\"twitter:label1\" content=\"Dur\u00e9e de lecture estim\u00e9e\" \/>\n\t<meta name=\"twitter:data1\" content=\"1 minute\" \/>\n<script type=\"application\/ld+json\" class=\"yoast-schema-graph\">{\"@context\":\"https:\/\/schema.org\",\"@graph\":[{\"@type\":\"WebPage\",\"@id\":\"https:\/\/www.tempogymjette.be\/index.php\/stage-2025-2026\/\",\"url\":\"https:\/\/www.tempogymjette.be\/index.php\/stage-2025-2026\/\",\"name\":\"Stage 2025-2026 - Tempogym Jette\",\"isPartOf\":{\"@id\":\"https:\/\/www.tempogymjette.be\/#website\"},\"datePublished\":\"2021-07-05T13:41:45+00:00\",\"dateModified\":\"2025-09-16T12:02:14+00:00\",\"breadcrumb\":{\"@id\":\"https:\/\/www.tempogymjette.be\/index.php\/stage-2025-2026\/#breadcrumb\"},\"inLanguage\":\"fr-FR\",\"potentialAction\":[{\"@type\":\"ReadAction\",\"target\":[\"https:\/\/www.tempogymjette.be\/index.php\/stage-2025-2026\/\"]}]},{\"@type\":\"BreadcrumbList\",\"@id\":\"https:\/\/www.tempogymjette.be\/index.php\/stage-2025-2026\/#breadcrumb\",\"itemListElement\":[{\"@type\":\"ListItem\",\"position\":1,\"name\":\"Accueil\",\"item\":\"https:\/\/www.tempogymjette.be\/\"},{\"@type\":\"ListItem\",\"position\":2,\"name\":\"Stage 2025-2026\"}]},{\"@type\":\"WebSite\",\"@id\":\"https:\/\/www.tempogymjette.be\/#website\",\"url\":\"https:\/\/www.tempogymjette.be\/\",\"name\":\"Tempogym Jette\",\"description\":\"Vive la gym\",\"potentialAction\":[{\"@type\":\"SearchAction\",\"target\":{\"@type\":\"EntryPoint\",\"urlTemplate\":\"https:\/\/www.tempogymjette.be\/?s={search_term_string}\"},\"query-input\":{\"@type\":\"PropertyValueSpecification\",\"valueRequired\":true,\"valueName\":\"search_term_string\"}}],\"inLanguage\":\"fr-FR\"}]}<\/script>\n<!-- \/ Yoast SEO plugin. -->","yoast_head_json":{"title":"Stage 2025-2026 - Tempogym Jette","robots":{"index":"index","follow":"follow","max-snippet":"max-snippet:-1","max-image-preview":"max-image-preview:large","max-video-preview":"max-video-preview:-1"},"canonical":"https:\/\/www.tempogymjette.be\/index.php\/stage-2025-2026\/","og_locale":"fr_FR","og_type":"article","og_title":"Stage 2025-2026 - Tempogym Jette","og_description":"Nos stages en soir\u00e9e ne sont propos\u00e9s qu\u2019aux groupes comp\u00e9tition GAF et GAM ce pour une question d\u2019organisation. Pour les groupes loisirs, des stages se d\u00e9roulent en journ\u00e9e en partenariat avec le CFS. Automne 2025 Du 27 au 31 octobre 2025, de 17h30 \u00e0 20h Carnaval 2026 Du 16 au 20 f\u00e9vrier 2026, de 17h30 [&hellip;]","og_url":"https:\/\/www.tempogymjette.be\/index.php\/stage-2025-2026\/","og_site_name":"Tempogym Jette","article_modified_time":"2025-09-16T12:02:14+00:00","twitter_card":"summary_large_image","twitter_misc":{"Dur\u00e9e de lecture estim\u00e9e":"1 minute"},"schema":{"@context":"https:\/\/schema.org","@graph":[{"@type":"WebPage","@id":"https:\/\/www.tempogymjette.be\/index.php\/stage-2025-2026\/","url":"https:\/\/www.tempogymjette.be\/index.php\/stage-2025-2026\/","name":"Stage 2025-2026 - Tempogym Jette","isPartOf":{"@id":"https:\/\/www.tempogymjette.be\/#website"},"datePublished":"2021-07-05T13:41:45+00:00","dateModified":"2025-09-16T12:02:14+00:00","breadcrumb":{"@id":"https:\/\/www.tempogymjette.be\/index.php\/stage-2025-2026\/#breadcrumb"},"inLanguage":"fr-FR","potentialAction":[{"@type":"ReadAction","target":["https:\/\/www.tempogymjette.be\/index.php\/stage-2025-2026\/"]}]},{"@type":"BreadcrumbList","@id":"https:\/\/www.tempogymjette.be\/index.php\/stage-2025-2026\/#breadcrumb","itemListElement":[{"@type":"ListItem","position":1,"name":"Accueil","item":"https:\/\/www.tempogymjette.be\/"},{"@type":"ListItem","position":2,"name":"Stage 2025-2026"}]},{"@type":"WebSite","@id":"https:\/\/www.tempogymjette.be\/#website","url":"https:\/\/www.tempogymjette.be\/","name":"Tempogym Jette","description":"Vive la gym","potentialAction":[{"@type":"SearchAction","target":{"@type":"EntryPoint","urlTemplate":"https:\/\/www.tempogymjette.be\/?s={search_term_string}"},"query-input":{"@type":"PropertyValueSpecification","valueRequired":true,"valueName":"search_term_string"}}],"inLanguage":"fr-FR"}]}},"jetpack_sharing_enabled":true,"jetpack_shortlink":"https:\/\/wp.me\/P9rq79-2h6","jetpack-related-posts":[],"_links":{"self":[{"href":"https:\/\/www.tempogymjette.be\/index.php\/wp-json\/wp\/v2\/pages\/8748","targetHints":{"allow":["GET"]}}],"collection":[{"href":"https:\/\/www.tempogymjette.be\/index.php\/wp-json\/wp\/v2\/pages"}],"about":[{"href":"https:\/\/www.tempogymjette.be\/index.php\/wp-json\/wp\/v2\/types\/page"}],"author":[{"embeddable":true,"href":"https:\/\/www.tempogymjette.be\/index.php\/wp-json\/wp\/v2\/users\/164"}],"replies":[{"embeddable":true,"href":"https:\/\/www.tempogymjette.be\/index.php\/wp-json\/wp\/v2\/comments?post=8748"}],"version-history":[{"count":25,"href":"https:\/\/www.tempogymjette.be\/index.php\/wp-json\/wp\/v2\/pages\/8748\/revisions"}],"predecessor-version":[{"id":10764,"href":"https:\/\/www.tempogymjette.be\/index.php\/wp-json\/wp\/v2\/pages\/8748\/revisions\/10764"}],"wp:attachment":[{"href":"https:\/\/www.tempogymjette.be\/index.php\/wp-json\/wp\/v2\/media?parent=8748"}],"curies":[{"name":"wp","href":"https:\/\/api.w.org\/{rel}","templated":true}]}}