{"id":912,"date":"2017-12-12T11:53:25","date_gmt":"2017-12-12T09:53:25","guid":{"rendered":"http:\/\/www.tempogymjette.be\/?page_id=912"},"modified":"2025-09-16T14:24:21","modified_gmt":"2025-09-16T12:24:21","slug":"parkour-3","status":"publish","type":"page","link":"https:\/\/www.tempogymjette.be\/index.php\/parkour-3\/","title":{"rendered":"Parkour"},"content":{"rendered":"<div id=\"pl-912\"  class=\"panel-layout\" ><div id=\"pg-912-0\"  class=\"panel-grid panel-no-style\" ><div id=\"pgc-912-0-0\"  class=\"panel-grid-cell\" ><div id=\"panel-912-0-0-0\" class=\"so-panel widget widget_sow-image panel-first-child panel-last-child\" data-index=\"0\" ><div\n\t\t\t\n\t\t\tclass=\"so-widget-sow-image so-widget-sow-image-default-8b5b6f678277-912\"\n\t\t\t\n\t\t>\n<div class=\"sow-image-container\">\n\t\t<img \n\tsrc=\"https:\/\/i0.wp.com\/www.tempogymjette.be\/wp-content\/uploads\/2017\/11\/Parkour-3-iloveimg-cropped-2.jpg?fit=402%2C118&amp;ssl=1\" width=\"402\" height=\"118\" srcset=\"https:\/\/i0.wp.com\/www.tempogymjette.be\/wp-content\/uploads\/2017\/11\/Parkour-3-iloveimg-cropped-2.jpg?w=402&amp;ssl=1 402w, https:\/\/i0.wp.com\/www.tempogymjette.be\/wp-content\/uploads\/2017\/11\/Parkour-3-iloveimg-cropped-2.jpg?resize=300%2C88&amp;ssl=1 300w\" title=\"Parkour 3-iloveimg-cropped (2)\" alt=\"\" \t\tclass=\"so-widget-image\"\/>\n\t<\/div>\n\n<\/div><\/div><\/div><\/div><div id=\"pg-912-1\"  class=\"panel-grid panel-no-style\" ><div id=\"pgc-912-1-0\"  class=\"panel-grid-cell\" ><div id=\"panel-912-1-0-0\" class=\"so-panel widget widget_black-studio-tinymce widget_black_studio_tinymce panel-first-child panel-last-child\" data-index=\"1\" ><div class=\"textwidget\"><p><span style=\"color: #333333;\">Le\u00a0parkour\u00a0(PK) est une discipline\u00a0sportive\u00a0qui consiste \u00e0 franchir successivement divers obstacles urbains ou naturels, par des mouvements agiles et rapides et sans l'aide de mat\u00e9riel, par exemple par la course, des sauts, des gestes d\u2019escalade, des d\u00e9placements en \u00e9quilibre, etc..<sup id=\"cite_ref-DBsays_2-0\" class=\"reference\"><\/sup>. Le pratiquant est d\u00e9nomm\u00e9 \u00ab\u00a0traceur\u00a0\u00bb.<\/span><\/p>\n<p><span style=\"color: #333333;\">Le parkour, en tant que loisir ou discipline sportive autonome, est apparu dans les ann\u00e9es 1990. Il est longtemps rest\u00e9 inconnu du grand public et des institutions sportives<sup id=\"cite_ref-FUGGLEsays_3-0\" class=\"reference\"><\/sup>, mais il a r\u00e9cemment b\u00e9n\u00e9fici\u00e9 d'une certaine exposition m\u00e9diatique (publicit\u00e9, films).<\/span><\/p>\n<p style=\"text-align: center;\"><a class=\"maxbutton-10 maxbutton maxbutton-cotisations-et-horaires\" href=\"http:\/\/www.tempogymjette.be\/index.php\/cotisations-et-horaires-2022-2023\/\"><span class='mb-text'>Cotisations et horaires 2025-2026<\/span><\/a><\/p>\n<p>&nbsp;<\/p>\n<\/div><\/div><\/div><\/div><\/div>","protected":false},"excerpt":{"rendered":"<p>Le\u00a0parkour\u00a0(PK) est une discipline\u00a0sportive\u00a0qui consiste \u00e0 franchir successivement divers obstacles urbains ou naturels, par des mouvements agiles et rapides et sans l&rsquo;aide de mat\u00e9riel, par exemple par la course, des sauts, des gestes d\u2019escalade, des d\u00e9placements en \u00e9quilibre, etc&#8230; Le pratiquant est d\u00e9nomm\u00e9 \u00ab\u00a0traceur\u00a0\u00bb. Le parkour, en tant que loisir ou discipline sportive autonome, est [&hellip;]<\/p>\n","protected":false},"author":164,"featured_media":0,"parent":0,"menu_order":0,"comment_status":"closed","ping_status":"closed","template":"","meta":{"footnotes":""},"class_list":["post-912","page","type-page","status-publish","hentry"],"yoast_head":"<!-- This site is optimized with the Yoast SEO plugin v25.1 - https:\/\/yoast.com\/wordpress\/plugins\/seo\/ -->\n<title>Parkour - Tempogym Jette<\/title>\n<meta name=\"robots\" content=\"index, follow, max-snippet:-1, max-image-preview:large, max-video-preview:-1\" \/>\n<link rel=\"canonical\" href=\"https:\/\/www.tempogymjette.be\/index.php\/parkour-3\/\" \/>\n<meta property=\"og:locale\" content=\"fr_FR\" \/>\n<meta property=\"og:type\" content=\"article\" \/>\n<meta property=\"og:title\" content=\"Parkour - Tempogym Jette\" \/>\n<meta property=\"og:description\" content=\"Le\u00a0parkour\u00a0(PK) est une discipline\u00a0sportive\u00a0qui consiste \u00e0 franchir successivement divers obstacles urbains ou naturels, par des mouvements agiles et rapides et sans l&#039;aide de mat\u00e9riel, par exemple par la course, des sauts, des gestes d\u2019escalade, des d\u00e9placements en \u00e9quilibre, etc... Le pratiquant est d\u00e9nomm\u00e9 \u00ab\u00a0traceur\u00a0\u00bb. Le parkour, en tant que loisir ou discipline sportive autonome, est [&hellip;]\" \/>\n<meta property=\"og:url\" content=\"https:\/\/www.tempogymjette.be\/index.php\/parkour-3\/\" \/>\n<meta property=\"og:site_name\" content=\"Tempogym Jette\" \/>\n<meta property=\"article:modified_time\" content=\"2025-09-16T12:24:21+00:00\" \/>\n<meta name=\"twitter:card\" content=\"summary_large_image\" \/>\n<meta name=\"twitter:label1\" content=\"Dur\u00e9e de lecture estim\u00e9e\" \/>\n\t<meta name=\"twitter:data1\" content=\"1 minute\" \/>\n<script type=\"application\/ld+json\" class=\"yoast-schema-graph\">{\"@context\":\"https:\/\/schema.org\",\"@graph\":[{\"@type\":\"WebPage\",\"@id\":\"https:\/\/www.tempogymjette.be\/index.php\/parkour-3\/\",\"url\":\"https:\/\/www.tempogymjette.be\/index.php\/parkour-3\/\",\"name\":\"Parkour - Tempogym Jette\",\"isPartOf\":{\"@id\":\"https:\/\/www.tempogymjette.be\/#website\"},\"datePublished\":\"2017-12-12T09:53:25+00:00\",\"dateModified\":\"2025-09-16T12:24:21+00:00\",\"breadcrumb\":{\"@id\":\"https:\/\/www.tempogymjette.be\/index.php\/parkour-3\/#breadcrumb\"},\"inLanguage\":\"fr-FR\",\"potentialAction\":[{\"@type\":\"ReadAction\",\"target\":[\"https:\/\/www.tempogymjette.be\/index.php\/parkour-3\/\"]}]},{\"@type\":\"BreadcrumbList\",\"@id\":\"https:\/\/www.tempogymjette.be\/index.php\/parkour-3\/#breadcrumb\",\"itemListElement\":[{\"@type\":\"ListItem\",\"position\":1,\"name\":\"Accueil\",\"item\":\"https:\/\/www.tempogymjette.be\/\"},{\"@type\":\"ListItem\",\"position\":2,\"name\":\"Parkour\"}]},{\"@type\":\"WebSite\",\"@id\":\"https:\/\/www.tempogymjette.be\/#website\",\"url\":\"https:\/\/www.tempogymjette.be\/\",\"name\":\"Tempogym Jette\",\"description\":\"Vive la gym\",\"potentialAction\":[{\"@type\":\"SearchAction\",\"target\":{\"@type\":\"EntryPoint\",\"urlTemplate\":\"https:\/\/www.tempogymjette.be\/?s={search_term_string}\"},\"query-input\":{\"@type\":\"PropertyValueSpecification\",\"valueRequired\":true,\"valueName\":\"search_term_string\"}}],\"inLanguage\":\"fr-FR\"}]}<\/script>\n<!-- \/ Yoast SEO plugin. -->","yoast_head_json":{"title":"Parkour - Tempogym Jette","robots":{"index":"index","follow":"follow","max-snippet":"max-snippet:-1","max-image-preview":"max-image-preview:large","max-video-preview":"max-video-preview:-1"},"canonical":"https:\/\/www.tempogymjette.be\/index.php\/parkour-3\/","og_locale":"fr_FR","og_type":"article","og_title":"Parkour - Tempogym Jette","og_description":"Le\u00a0parkour\u00a0(PK) est une discipline\u00a0sportive\u00a0qui consiste \u00e0 franchir successivement divers obstacles urbains ou naturels, par des mouvements agiles et rapides et sans l'aide de mat\u00e9riel, par exemple par la course, des sauts, des gestes d\u2019escalade, des d\u00e9placements en \u00e9quilibre, etc... Le pratiquant est d\u00e9nomm\u00e9 \u00ab\u00a0traceur\u00a0\u00bb. Le parkour, en tant que loisir ou discipline sportive autonome, est [&hellip;]","og_url":"https:\/\/www.tempogymjette.be\/index.php\/parkour-3\/","og_site_name":"Tempogym Jette","article_modified_time":"2025-09-16T12:24:21+00:00","twitter_card":"summary_large_image","twitter_misc":{"Dur\u00e9e de lecture estim\u00e9e":"1 minute"},"schema":{"@context":"https:\/\/schema.org","@graph":[{"@type":"WebPage","@id":"https:\/\/www.tempogymjette.be\/index.php\/parkour-3\/","url":"https:\/\/www.tempogymjette.be\/index.php\/parkour-3\/","name":"Parkour - Tempogym Jette","isPartOf":{"@id":"https:\/\/www.tempogymjette.be\/#website"},"datePublished":"2017-12-12T09:53:25+00:00","dateModified":"2025-09-16T12:24:21+00:00","breadcrumb":{"@id":"https:\/\/www.tempogymjette.be\/index.php\/parkour-3\/#breadcrumb"},"inLanguage":"fr-FR","potentialAction":[{"@type":"ReadAction","target":["https:\/\/www.tempogymjette.be\/index.php\/parkour-3\/"]}]},{"@type":"BreadcrumbList","@id":"https:\/\/www.tempogymjette.be\/index.php\/parkour-3\/#breadcrumb","itemListElement":[{"@type":"ListItem","position":1,"name":"Accueil","item":"https:\/\/www.tempogymjette.be\/"},{"@type":"ListItem","position":2,"name":"Parkour"}]},{"@type":"WebSite","@id":"https:\/\/www.tempogymjette.be\/#website","url":"https:\/\/www.tempogymjette.be\/","name":"Tempogym Jette","description":"Vive la gym","potentialAction":[{"@type":"SearchAction","target":{"@type":"EntryPoint","urlTemplate":"https:\/\/www.tempogymjette.be\/?s={search_term_string}"},"query-input":{"@type":"PropertyValueSpecification","valueRequired":true,"valueName":"search_term_string"}}],"inLanguage":"fr-FR"}]}},"jetpack_sharing_enabled":false,"jetpack_shortlink":"https:\/\/wp.me\/P9rq79-eI","jetpack-related-posts":[],"_links":{"self":[{"href":"https:\/\/www.tempogymjette.be\/index.php\/wp-json\/wp\/v2\/pages\/912","targetHints":{"allow":["GET"]}}],"collection":[{"href":"https:\/\/www.tempogymjette.be\/index.php\/wp-json\/wp\/v2\/pages"}],"about":[{"href":"https:\/\/www.tempogymjette.be\/index.php\/wp-json\/wp\/v2\/types\/page"}],"author":[{"embeddable":true,"href":"https:\/\/www.tempogymjette.be\/index.php\/wp-json\/wp\/v2\/users\/164"}],"replies":[{"embeddable":true,"href":"https:\/\/www.tempogymjette.be\/index.php\/wp-json\/wp\/v2\/comments?post=912"}],"version-history":[{"count":38,"href":"https:\/\/www.tempogymjette.be\/index.php\/wp-json\/wp\/v2\/pages\/912\/revisions"}],"predecessor-version":[{"id":10770,"href":"https:\/\/www.tempogymjette.be\/index.php\/wp-json\/wp\/v2\/pages\/912\/revisions\/10770"}],"wp:attachment":[{"href":"https:\/\/www.tempogymjette.be\/index.php\/wp-json\/wp\/v2\/media?parent=912"}],"curies":[{"name":"wp","href":"https:\/\/api.w.org\/{rel}","templated":true}]}}