{"id":9285,"date":"2022-08-12T10:09:09","date_gmt":"2022-08-12T08:09:09","guid":{"rendered":"http:\/\/www.tempogymjette.be\/?page_id=9285"},"modified":"2025-09-16T11:48:53","modified_gmt":"2025-09-16T09:48:53","slug":"gymnastique-artistique-mixte-18","status":"publish","type":"page","link":"https:\/\/www.tempogymjette.be\/index.php\/gymnastique-artistique-mixte-18\/","title":{"rendered":"Fun Gym adulte mixte 18+"},"content":{"rendered":"<div id=\"pl-9285\"  class=\"panel-layout\" ><div id=\"pg-9285-0\"  class=\"panel-grid panel-no-style\" ><div id=\"pgc-9285-0-0\"  class=\"panel-grid-cell\" ><div id=\"panel-9285-0-0-0\" class=\"so-panel widget widget_sow-editor panel-first-child panel-last-child\" data-index=\"0\" ><div\n\t\t\t\n\t\t\tclass=\"so-widget-sow-editor so-widget-sow-editor-base\"\n\t\t\t\n\t\t>\n<div class=\"siteorigin-widget-tinymce textwidget\">\n\t<p style=\"text-align: center;\"><a href=\"https:\/\/i0.wp.com\/www.tempogymjette.be\/wp-content\/uploads\/2022\/08\/18.gif\"><img data-attachment-id=\"9279\" data-permalink=\"https:\/\/www.tempogymjette.be\/18\/\" data-orig-file=\"https:\/\/i0.wp.com\/www.tempogymjette.be\/wp-content\/uploads\/2022\/08\/18.gif?fit=200%2C200&amp;ssl=1\" data-orig-size=\"200,200\" data-comments-opened=\"0\" data-image-meta=\"{&quot;aperture&quot;:&quot;0&quot;,&quot;credit&quot;:&quot;&quot;,&quot;camera&quot;:&quot;&quot;,&quot;caption&quot;:&quot;&quot;,&quot;created_timestamp&quot;:&quot;0&quot;,&quot;copyright&quot;:&quot;&quot;,&quot;focal_length&quot;:&quot;0&quot;,&quot;iso&quot;:&quot;0&quot;,&quot;shutter_speed&quot;:&quot;0&quot;,&quot;title&quot;:&quot;&quot;,&quot;orientation&quot;:&quot;0&quot;}\" data-image-title=\"18+\" data-image-description=\"\" data-image-caption=\"\" data-medium-file=\"https:\/\/i0.wp.com\/www.tempogymjette.be\/wp-content\/uploads\/2022\/08\/18.gif?fit=200%2C200&amp;ssl=1\" data-large-file=\"https:\/\/i0.wp.com\/www.tempogymjette.be\/wp-content\/uploads\/2022\/08\/18.gif?fit=200%2C200&amp;ssl=1\" data-recalc-dims=\"1\" loading=\"lazy\" decoding=\"async\" class=\"size-full wp-image-9279 aligncenter\" src=\"https:\/\/i0.wp.com\/www.tempogymjette.be\/wp-content\/uploads\/2022\/08\/18.gif?resize=200%2C200\" alt=\"\" width=\"200\" height=\"200\" \/><\/a><\/p>\n<p style=\"text-align: center;\"><span style=\"font-family: 'Comic Sans MS', sans-serif; color: #000000; font-size: 14pt;\">Chers futures membres, Tu es ancien.ne gymnaste (GAF D4 min\/GAM D3 min) ou \u00e9tudiant.e en \u00e9ducation physique et tu voudrais t'entra\u00eener dans une salle toute \u00e9quip\u00e9e avec une super \u00e9quipe ? <\/span><\/p>\n<p style=\"text-align: center;\"><span style=\"font-family: 'Comic Sans MS', sans-serif; color: #000000; font-size: 14pt;\">Tu es au bon endroit !\u00a0 <a href=\"https:\/\/forms.office.com\/Pages\/ResponsePage.aspx?id=DQSIkWdsW0yxEjajBLZtrQAAAAAAAAAAAAa__avyZrpUQkNTNFo3RFlUMFhDWFhMMlNOM0RXM1JaSi4u\"><span style=\"text-decoration: underline;\"><span style=\"font-family: 'Comic Sans MS', sans-serif; color: #ff0000; text-decoration: underline;\">Inscription ici<\/span><\/span><\/a><\/span><\/p>\n<p style=\"text-align: center;\"><span style=\"font-family: 'Comic Sans MS', sans-serif; color: #000000; font-size: 14pt;\">Adulte mixte 18+\u00a0 \u00a0 \u00a0Mercredi 20h00-22h00\u00a0 \u00a0 \u00a0 \u00a0200\u20ac<\/span><\/p>\n<p>&nbsp;<\/p>\n<\/div>\n<\/div><\/div><\/div><\/div><\/div>","protected":false},"excerpt":{"rendered":"<p>Chers futures membres, Tu es ancien.ne gymnaste (GAF D4 min\/GAM D3 min) ou \u00e9tudiant.e en \u00e9ducation physique et tu voudrais t&rsquo;entra\u00eener dans une salle toute \u00e9quip\u00e9e avec une super \u00e9quipe ? Tu es au bon endroit !\u00a0 Inscription ici Adulte mixte 18+\u00a0 \u00a0 \u00a0Mercredi 20h00-22h00\u00a0 \u00a0 \u00a0 \u00a0200\u20ac &nbsp;<\/p>\n","protected":false},"author":164,"featured_media":0,"parent":0,"menu_order":0,"comment_status":"closed","ping_status":"closed","template":"","meta":{"footnotes":""},"class_list":["post-9285","page","type-page","status-publish","hentry"],"yoast_head":"<!-- This site is optimized with the Yoast SEO plugin v25.1 - https:\/\/yoast.com\/wordpress\/plugins\/seo\/ -->\n<title>Fun Gym adulte mixte 18+ - Tempogym Jette<\/title>\n<meta name=\"robots\" content=\"index, follow, max-snippet:-1, max-image-preview:large, max-video-preview:-1\" \/>\n<link rel=\"canonical\" href=\"https:\/\/www.tempogymjette.be\/index.php\/gymnastique-artistique-mixte-18\/\" \/>\n<meta property=\"og:locale\" content=\"fr_FR\" \/>\n<meta property=\"og:type\" content=\"article\" \/>\n<meta property=\"og:title\" content=\"Fun Gym adulte mixte 18+ - Tempogym Jette\" \/>\n<meta property=\"og:description\" content=\"Chers futures membres, Tu es ancien.ne gymnaste (GAF D4 min\/GAM D3 min) ou \u00e9tudiant.e en \u00e9ducation physique et tu voudrais t&#039;entra\u00eener dans une salle toute \u00e9quip\u00e9e avec une super \u00e9quipe ? Tu es au bon endroit !\u00a0 Inscription ici Adulte mixte 18+\u00a0 \u00a0 \u00a0Mercredi 20h00-22h00\u00a0 \u00a0 \u00a0 \u00a0200\u20ac &nbsp;\" \/>\n<meta property=\"og:url\" content=\"https:\/\/www.tempogymjette.be\/index.php\/gymnastique-artistique-mixte-18\/\" \/>\n<meta property=\"og:site_name\" content=\"Tempogym Jette\" \/>\n<meta property=\"article:modified_time\" content=\"2025-09-16T09:48:53+00:00\" \/>\n<meta property=\"og:image\" content=\"http:\/\/www.tempogymjette.be\/wp-content\/uploads\/2022\/08\/18.gif\" \/>\n<meta name=\"twitter:card\" content=\"summary_large_image\" \/>\n<meta name=\"twitter:label1\" content=\"Dur\u00e9e de lecture estim\u00e9e\" \/>\n\t<meta name=\"twitter:data1\" content=\"1 minute\" \/>\n<script type=\"application\/ld+json\" class=\"yoast-schema-graph\">{\"@context\":\"https:\/\/schema.org\",\"@graph\":[{\"@type\":\"WebPage\",\"@id\":\"https:\/\/www.tempogymjette.be\/index.php\/gymnastique-artistique-mixte-18\/\",\"url\":\"https:\/\/www.tempogymjette.be\/index.php\/gymnastique-artistique-mixte-18\/\",\"name\":\"Fun Gym adulte mixte 18+ - Tempogym Jette\",\"isPartOf\":{\"@id\":\"https:\/\/www.tempogymjette.be\/#website\"},\"primaryImageOfPage\":{\"@id\":\"https:\/\/www.tempogymjette.be\/index.php\/gymnastique-artistique-mixte-18\/#primaryimage\"},\"image\":{\"@id\":\"https:\/\/www.tempogymjette.be\/index.php\/gymnastique-artistique-mixte-18\/#primaryimage\"},\"thumbnailUrl\":\"http:\/\/www.tempogymjette.be\/wp-content\/uploads\/2022\/08\/18.gif\",\"datePublished\":\"2022-08-12T08:09:09+00:00\",\"dateModified\":\"2025-09-16T09:48:53+00:00\",\"breadcrumb\":{\"@id\":\"https:\/\/www.tempogymjette.be\/index.php\/gymnastique-artistique-mixte-18\/#breadcrumb\"},\"inLanguage\":\"fr-FR\",\"potentialAction\":[{\"@type\":\"ReadAction\",\"target\":[\"https:\/\/www.tempogymjette.be\/index.php\/gymnastique-artistique-mixte-18\/\"]}]},{\"@type\":\"ImageObject\",\"inLanguage\":\"fr-FR\",\"@id\":\"https:\/\/www.tempogymjette.be\/index.php\/gymnastique-artistique-mixte-18\/#primaryimage\",\"url\":\"http:\/\/www.tempogymjette.be\/wp-content\/uploads\/2022\/08\/18.gif\",\"contentUrl\":\"http:\/\/www.tempogymjette.be\/wp-content\/uploads\/2022\/08\/18.gif\"},{\"@type\":\"BreadcrumbList\",\"@id\":\"https:\/\/www.tempogymjette.be\/index.php\/gymnastique-artistique-mixte-18\/#breadcrumb\",\"itemListElement\":[{\"@type\":\"ListItem\",\"position\":1,\"name\":\"Accueil\",\"item\":\"https:\/\/www.tempogymjette.be\/\"},{\"@type\":\"ListItem\",\"position\":2,\"name\":\"Fun Gym adulte mixte 18+\"}]},{\"@type\":\"WebSite\",\"@id\":\"https:\/\/www.tempogymjette.be\/#website\",\"url\":\"https:\/\/www.tempogymjette.be\/\",\"name\":\"Tempogym Jette\",\"description\":\"Vive la gym\",\"potentialAction\":[{\"@type\":\"SearchAction\",\"target\":{\"@type\":\"EntryPoint\",\"urlTemplate\":\"https:\/\/www.tempogymjette.be\/?s={search_term_string}\"},\"query-input\":{\"@type\":\"PropertyValueSpecification\",\"valueRequired\":true,\"valueName\":\"search_term_string\"}}],\"inLanguage\":\"fr-FR\"}]}<\/script>\n<!-- \/ Yoast SEO plugin. -->","yoast_head_json":{"title":"Fun Gym adulte mixte 18+ - Tempogym Jette","robots":{"index":"index","follow":"follow","max-snippet":"max-snippet:-1","max-image-preview":"max-image-preview:large","max-video-preview":"max-video-preview:-1"},"canonical":"https:\/\/www.tempogymjette.be\/index.php\/gymnastique-artistique-mixte-18\/","og_locale":"fr_FR","og_type":"article","og_title":"Fun Gym adulte mixte 18+ - Tempogym Jette","og_description":"Chers futures membres, Tu es ancien.ne gymnaste (GAF D4 min\/GAM D3 min) ou \u00e9tudiant.e en \u00e9ducation physique et tu voudrais t'entra\u00eener dans une salle toute \u00e9quip\u00e9e avec une super \u00e9quipe ? Tu es au bon endroit !\u00a0 Inscription ici Adulte mixte 18+\u00a0 \u00a0 \u00a0Mercredi 20h00-22h00\u00a0 \u00a0 \u00a0 \u00a0200\u20ac &nbsp;","og_url":"https:\/\/www.tempogymjette.be\/index.php\/gymnastique-artistique-mixte-18\/","og_site_name":"Tempogym Jette","article_modified_time":"2025-09-16T09:48:53+00:00","og_image":[{"url":"http:\/\/www.tempogymjette.be\/wp-content\/uploads\/2022\/08\/18.gif","type":"","width":"","height":""}],"twitter_card":"summary_large_image","twitter_misc":{"Dur\u00e9e de lecture estim\u00e9e":"1 minute"},"schema":{"@context":"https:\/\/schema.org","@graph":[{"@type":"WebPage","@id":"https:\/\/www.tempogymjette.be\/index.php\/gymnastique-artistique-mixte-18\/","url":"https:\/\/www.tempogymjette.be\/index.php\/gymnastique-artistique-mixte-18\/","name":"Fun Gym adulte mixte 18+ - Tempogym Jette","isPartOf":{"@id":"https:\/\/www.tempogymjette.be\/#website"},"primaryImageOfPage":{"@id":"https:\/\/www.tempogymjette.be\/index.php\/gymnastique-artistique-mixte-18\/#primaryimage"},"image":{"@id":"https:\/\/www.tempogymjette.be\/index.php\/gymnastique-artistique-mixte-18\/#primaryimage"},"thumbnailUrl":"http:\/\/www.tempogymjette.be\/wp-content\/uploads\/2022\/08\/18.gif","datePublished":"2022-08-12T08:09:09+00:00","dateModified":"2025-09-16T09:48:53+00:00","breadcrumb":{"@id":"https:\/\/www.tempogymjette.be\/index.php\/gymnastique-artistique-mixte-18\/#breadcrumb"},"inLanguage":"fr-FR","potentialAction":[{"@type":"ReadAction","target":["https:\/\/www.tempogymjette.be\/index.php\/gymnastique-artistique-mixte-18\/"]}]},{"@type":"ImageObject","inLanguage":"fr-FR","@id":"https:\/\/www.tempogymjette.be\/index.php\/gymnastique-artistique-mixte-18\/#primaryimage","url":"http:\/\/www.tempogymjette.be\/wp-content\/uploads\/2022\/08\/18.gif","contentUrl":"http:\/\/www.tempogymjette.be\/wp-content\/uploads\/2022\/08\/18.gif"},{"@type":"BreadcrumbList","@id":"https:\/\/www.tempogymjette.be\/index.php\/gymnastique-artistique-mixte-18\/#breadcrumb","itemListElement":[{"@type":"ListItem","position":1,"name":"Accueil","item":"https:\/\/www.tempogymjette.be\/"},{"@type":"ListItem","position":2,"name":"Fun Gym adulte mixte 18+"}]},{"@type":"WebSite","@id":"https:\/\/www.tempogymjette.be\/#website","url":"https:\/\/www.tempogymjette.be\/","name":"Tempogym Jette","description":"Vive la gym","potentialAction":[{"@type":"SearchAction","target":{"@type":"EntryPoint","urlTemplate":"https:\/\/www.tempogymjette.be\/?s={search_term_string}"},"query-input":{"@type":"PropertyValueSpecification","valueRequired":true,"valueName":"search_term_string"}}],"inLanguage":"fr-FR"}]}},"jetpack_sharing_enabled":true,"jetpack_shortlink":"https:\/\/wp.me\/P9rq79-2pL","jetpack-related-posts":[],"_links":{"self":[{"href":"https:\/\/www.tempogymjette.be\/index.php\/wp-json\/wp\/v2\/pages\/9285","targetHints":{"allow":["GET"]}}],"collection":[{"href":"https:\/\/www.tempogymjette.be\/index.php\/wp-json\/wp\/v2\/pages"}],"about":[{"href":"https:\/\/www.tempogymjette.be\/index.php\/wp-json\/wp\/v2\/types\/page"}],"author":[{"embeddable":true,"href":"https:\/\/www.tempogymjette.be\/index.php\/wp-json\/wp\/v2\/users\/164"}],"replies":[{"embeddable":true,"href":"https:\/\/www.tempogymjette.be\/index.php\/wp-json\/wp\/v2\/comments?post=9285"}],"version-history":[{"count":17,"href":"https:\/\/www.tempogymjette.be\/index.php\/wp-json\/wp\/v2\/pages\/9285\/revisions"}],"predecessor-version":[{"id":10652,"href":"https:\/\/www.tempogymjette.be\/index.php\/wp-json\/wp\/v2\/pages\/9285\/revisions\/10652"}],"wp:attachment":[{"href":"https:\/\/www.tempogymjette.be\/index.php\/wp-json\/wp\/v2\/media?parent=9285"}],"curies":[{"name":"wp","href":"https:\/\/api.w.org\/{rel}","templated":true}]}}