{"id":9865,"date":"2023-06-28T14:24:42","date_gmt":"2023-06-28T12:24:42","guid":{"rendered":"http:\/\/www.tempogymjette.be\/?page_id=9865"},"modified":"2024-10-29T16:02:05","modified_gmt":"2024-10-29T15:02:05","slug":"9865-2","status":"publish","type":"page","link":"https:\/\/www.tempogymjette.be\/index.php\/9865-2\/","title":{"rendered":"Proc\u00e9dures en cas d&rsquo;accident"},"content":{"rendered":"<div id=\"pl-9865\"  class=\"panel-layout\" ><div id=\"pg-9865-0\"  class=\"panel-grid panel-no-style\" ><div id=\"pgc-9865-0-0\"  class=\"panel-grid-cell\" ><div id=\"panel-9865-0-0-0\" class=\"so-panel widget widget_sow-editor panel-first-child panel-last-child\" data-index=\"0\" ><div\n\t\t\t\n\t\t\tclass=\"so-widget-sow-editor so-widget-sow-editor-base\"\n\t\t\t\n\t\t><h3 class=\"widget-title\">Proc\u00e9dures en cas d'accident<\/h3>\n<div class=\"siteorigin-widget-tinymce textwidget\">\n\t<p><span style=\"font-size: 14pt; color: #000000;\"><strong><span style=\"font-family: 'Comic Sans MS', sans-serif;\"><u>Proc\u00e9dures en cas d'accident :<\/u><\/span><\/strong><\/span><\/p>\n<p>&nbsp;<\/p>\n<p><span style=\"color: #000000;\"><strong><span style=\"text-decoration: underline;\"><span style=\"font-family: 'Comic Sans MS', sans-serif;\">Vis \u00e0 vis de l'assurance<\/span><\/span><\/strong><\/span><\/p>\n<p><span style=\"color: #000000;\"><span style=\"text-decoration: underline; font-family: 'Comic Sans MS', sans-serif;\"><strong>A lire attentivement<\/strong><\/span> : <a href=\"https:\/\/i0.wp.com\/www.tempogymjette.be\/wp-content\/uploads\/2017\/08\/attention-e1502514370898.jpg?ssl=1\"><img data-attachment-id=\"363\" data-permalink=\"https:\/\/www.tempogymjette.be\/index.php\/accueil-3\/attention\/\" data-orig-file=\"https:\/\/i0.wp.com\/www.tempogymjette.be\/wp-content\/uploads\/2017\/08\/attention-e1502514370898.jpg?fit=180%2C180&amp;ssl=1\" data-orig-size=\"180,180\" data-comments-opened=\"1\" data-image-meta=\"{&quot;aperture&quot;:&quot;0&quot;,&quot;credit&quot;:&quot;&quot;,&quot;camera&quot;:&quot;&quot;,&quot;caption&quot;:&quot;&quot;,&quot;created_timestamp&quot;:&quot;0&quot;,&quot;copyright&quot;:&quot;&quot;,&quot;focal_length&quot;:&quot;0&quot;,&quot;iso&quot;:&quot;0&quot;,&quot;shutter_speed&quot;:&quot;0&quot;,&quot;title&quot;:&quot;&quot;,&quot;orientation&quot;:&quot;0&quot;}\" data-image-title=\"attention\" data-image-description=\"\" data-image-caption=\"\" data-medium-file=\"https:\/\/i0.wp.com\/www.tempogymjette.be\/wp-content\/uploads\/2017\/08\/attention-e1502514370898.jpg?fit=180%2C180&amp;ssl=1\" data-large-file=\"https:\/\/i0.wp.com\/www.tempogymjette.be\/wp-content\/uploads\/2017\/08\/attention-e1502514370898.jpg?fit=180%2C180&amp;ssl=1\" data-recalc-dims=\"1\" loading=\"lazy\" decoding=\"async\" class=\"size-full wp-image-363 alignleft\" src=\"https:\/\/i0.wp.com\/www.tempogymjette.be\/wp-content\/uploads\/2017\/08\/attention-e1502514370898.jpg?resize=180%2C180&#038;ssl=1\" alt=\"\" width=\"180\" height=\"180\" \/><\/a><\/span><span style=\"font-family: 'Comic Sans MS', sans-serif; font-size: 24px;\"><span style=\"color: #000000;\"><span style=\"text-decoration: underline;\">note d'information et proc\u00e9dures lors d'accidents sportifs Arena<\/span> :<\/span> <a href=\"https:\/\/www.tempogymjette.be\/wp-content\/uploads\/2024\/10\/note-d-information-et-procdures-accidents-sportifs-arena.pdf\"><span style=\"text-decoration: underline; color: #ff0000;\"><strong>ici<\/strong><\/span><\/a><\/span><\/p>\n<ul>\n<li><span style=\"font-family: 'Comic Sans MS', sans-serif; color: #000000;\">Votre club doit vous remettre une d\u00e9claration d\u2019accident.<\/span><\/li>\n<li><span style=\"font-family: 'Comic Sans MS', sans-serif; color: #000000;\">Rendez-vous chez votre m\u00e9decin muni de cette d\u00e9claration, il compl\u00e8tera le volet \u00ab\u00a0Certificat m\u00e9dical\u00a0\u00bb.<\/span><\/li>\n<li><span style=\"font-family: 'Comic Sans MS', sans-serif; color: #000000;\">Remplissez les donn\u00e9es vous concernant.<\/span><\/li>\n<li><span style=\"font-family: 'Comic Sans MS', sans-serif; color: #000000;\">Remettez ensuite cette d\u00e9claration d\u2019accident \u00e0 votre club qui se chargera de nous la faire parvenir.<\/span><\/li>\n<li><span style=\"font-family: 'Comic Sans MS', sans-serif; color: #000000;\">Conservez les originaux des factures et attestations de soins. <span style=\"text-decoration: underline;\">D\u00e8s que vous recevez un num\u00e9ro de dossier<\/span> pour votre accident, vous pouvez transmettre ces documents \u00e0 notre assureur.<\/span><\/li>\n<\/ul>\n<p><span style=\"font-family: 'Comic Sans MS', sans-serif; color: #000000;\">Il ne faut rien envoyer \u00e0 l\u2019assureur tant que vous n\u2019avez pas re\u00e7u votre num\u00e9ro de dossier d\u2019accident.<\/span><\/p>\n<p><span style=\"font-family: 'Comic Sans MS', sans-serif; color: #000000;\">ARENA<\/span><\/p>\n<p><span style=\"font-family: 'Comic Sans MS', sans-serif; color: #000000;\">Avenue des Nerviens 85 bte 2<\/span><\/p>\n<p><span style=\"font-family: 'Comic Sans MS', sans-serif; color: #000000;\">1040 Bruxelles<\/span><\/p>\n<p><span style=\"color: #000000;\"><strong><span style=\"text-decoration: underline;\"><span style=\"font-family: 'Comic Sans MS', sans-serif;\">Vis \u00e0 vis du club<\/span><\/span><\/strong><\/span><\/p>\n<p><span style=\"font-family: 'Comic Sans MS', sans-serif; color: #000000;\"><u>En cas d\u2019accident ou de maladie<\/u> entrainant l\u2019arr\u00eat de la pratique de l\u2019activit\u00e9 d\u2019une dur\u00e9e d\u2019au moins 4 semaines, un certificat m\u00e9dical doit \u00eatre envoy\u00e9 au secr\u00e9tariat du club au plus tard dans le mois suivant la date de d\u00e9but d\u2019incapacit\u00e9. Un remboursement \u00e9ventuel sera calcul\u00e9 au prorata de la valeur restante de la cotisation, hors licence. Aucun remboursement ne sera accord\u00e9 une fois la saison cl\u00f4tur\u00e9e.<\/span><\/p>\n<\/div>\n<\/div><\/div><\/div><\/div><\/div>","protected":false},"excerpt":{"rendered":"<p>Proc\u00e9dures en cas d&rsquo;accident : &nbsp; Vis \u00e0 vis de l&rsquo;assurance A lire attentivement : note d&rsquo;information et proc\u00e9dures lors d&rsquo;accidents sportifs Arena : ici Votre club doit vous remettre une d\u00e9claration d\u2019accident. Rendez-vous chez votre m\u00e9decin muni de cette d\u00e9claration, il compl\u00e8tera le volet \u00ab\u00a0Certificat m\u00e9dical\u00a0\u00bb. Remplissez les donn\u00e9es vous concernant. Remettez ensuite cette [&hellip;]<\/p>\n","protected":false},"author":164,"featured_media":0,"parent":0,"menu_order":0,"comment_status":"closed","ping_status":"closed","template":"","meta":{"footnotes":""},"class_list":["post-9865","page","type-page","status-publish","hentry"],"yoast_head":"<!-- This site is optimized with the Yoast SEO plugin v25.1 - https:\/\/yoast.com\/wordpress\/plugins\/seo\/ -->\n<title>Proc\u00e9dures en cas d&#039;accident - Tempogym Jette<\/title>\n<meta name=\"robots\" content=\"index, follow, max-snippet:-1, max-image-preview:large, max-video-preview:-1\" \/>\n<link rel=\"canonical\" href=\"https:\/\/www.tempogymjette.be\/index.php\/9865-2\/\" \/>\n<meta property=\"og:locale\" content=\"fr_FR\" \/>\n<meta property=\"og:type\" content=\"article\" \/>\n<meta property=\"og:title\" content=\"Proc\u00e9dures en cas d&#039;accident - Tempogym Jette\" \/>\n<meta property=\"og:description\" content=\"Proc\u00e9dures en cas d&#039;accident : &nbsp; Vis \u00e0 vis de l&#039;assurance A lire attentivement : note d&#039;information et proc\u00e9dures lors d&#039;accidents sportifs Arena : ici Votre club doit vous remettre une d\u00e9claration d\u2019accident. Rendez-vous chez votre m\u00e9decin muni de cette d\u00e9claration, il compl\u00e8tera le volet \u00ab\u00a0Certificat m\u00e9dical\u00a0\u00bb. Remplissez les donn\u00e9es vous concernant. Remettez ensuite cette [&hellip;]\" \/>\n<meta property=\"og:url\" content=\"https:\/\/www.tempogymjette.be\/index.php\/9865-2\/\" \/>\n<meta property=\"og:site_name\" content=\"Tempogym Jette\" \/>\n<meta property=\"article:modified_time\" content=\"2024-10-29T15:02:05+00:00\" \/>\n<meta property=\"og:image\" content=\"https:\/\/www.tempogymjette.be\/wp-content\/uploads\/2017\/08\/attention-e1502514370898.jpg\" \/>\n<meta name=\"twitter:card\" content=\"summary_large_image\" \/>\n<meta name=\"twitter:label1\" content=\"Dur\u00e9e de lecture estim\u00e9e\" \/>\n\t<meta name=\"twitter:data1\" content=\"2 minutes\" \/>\n<script type=\"application\/ld+json\" class=\"yoast-schema-graph\">{\"@context\":\"https:\/\/schema.org\",\"@graph\":[{\"@type\":\"WebPage\",\"@id\":\"https:\/\/www.tempogymjette.be\/index.php\/9865-2\/\",\"url\":\"https:\/\/www.tempogymjette.be\/index.php\/9865-2\/\",\"name\":\"Proc\u00e9dures en cas d'accident - Tempogym Jette\",\"isPartOf\":{\"@id\":\"https:\/\/www.tempogymjette.be\/#website\"},\"primaryImageOfPage\":{\"@id\":\"https:\/\/www.tempogymjette.be\/index.php\/9865-2\/#primaryimage\"},\"image\":{\"@id\":\"https:\/\/www.tempogymjette.be\/index.php\/9865-2\/#primaryimage\"},\"thumbnailUrl\":\"https:\/\/www.tempogymjette.be\/wp-content\/uploads\/2017\/08\/attention-e1502514370898.jpg\",\"datePublished\":\"2023-06-28T12:24:42+00:00\",\"dateModified\":\"2024-10-29T15:02:05+00:00\",\"breadcrumb\":{\"@id\":\"https:\/\/www.tempogymjette.be\/index.php\/9865-2\/#breadcrumb\"},\"inLanguage\":\"fr-FR\",\"potentialAction\":[{\"@type\":\"ReadAction\",\"target\":[\"https:\/\/www.tempogymjette.be\/index.php\/9865-2\/\"]}]},{\"@type\":\"ImageObject\",\"inLanguage\":\"fr-FR\",\"@id\":\"https:\/\/www.tempogymjette.be\/index.php\/9865-2\/#primaryimage\",\"url\":\"https:\/\/i0.wp.com\/www.tempogymjette.be\/wp-content\/uploads\/2017\/08\/attention-e1502514370898.jpg?fit=180%2C180&ssl=1\",\"contentUrl\":\"https:\/\/i0.wp.com\/www.tempogymjette.be\/wp-content\/uploads\/2017\/08\/attention-e1502514370898.jpg?fit=180%2C180&ssl=1\",\"width\":180,\"height\":180},{\"@type\":\"BreadcrumbList\",\"@id\":\"https:\/\/www.tempogymjette.be\/index.php\/9865-2\/#breadcrumb\",\"itemListElement\":[{\"@type\":\"ListItem\",\"position\":1,\"name\":\"Accueil\",\"item\":\"https:\/\/www.tempogymjette.be\/\"},{\"@type\":\"ListItem\",\"position\":2,\"name\":\"Proc\u00e9dures en cas d&rsquo;accident\"}]},{\"@type\":\"WebSite\",\"@id\":\"https:\/\/www.tempogymjette.be\/#website\",\"url\":\"https:\/\/www.tempogymjette.be\/\",\"name\":\"Tempogym Jette\",\"description\":\"Vive la gym\",\"potentialAction\":[{\"@type\":\"SearchAction\",\"target\":{\"@type\":\"EntryPoint\",\"urlTemplate\":\"https:\/\/www.tempogymjette.be\/?s={search_term_string}\"},\"query-input\":{\"@type\":\"PropertyValueSpecification\",\"valueRequired\":true,\"valueName\":\"search_term_string\"}}],\"inLanguage\":\"fr-FR\"}]}<\/script>\n<!-- \/ Yoast SEO plugin. -->","yoast_head_json":{"title":"Proc\u00e9dures en cas d'accident - Tempogym Jette","robots":{"index":"index","follow":"follow","max-snippet":"max-snippet:-1","max-image-preview":"max-image-preview:large","max-video-preview":"max-video-preview:-1"},"canonical":"https:\/\/www.tempogymjette.be\/index.php\/9865-2\/","og_locale":"fr_FR","og_type":"article","og_title":"Proc\u00e9dures en cas d'accident - Tempogym Jette","og_description":"Proc\u00e9dures en cas d'accident : &nbsp; Vis \u00e0 vis de l'assurance A lire attentivement : note d'information et proc\u00e9dures lors d'accidents sportifs Arena : ici Votre club doit vous remettre une d\u00e9claration d\u2019accident. Rendez-vous chez votre m\u00e9decin muni de cette d\u00e9claration, il compl\u00e8tera le volet \u00ab\u00a0Certificat m\u00e9dical\u00a0\u00bb. Remplissez les donn\u00e9es vous concernant. Remettez ensuite cette [&hellip;]","og_url":"https:\/\/www.tempogymjette.be\/index.php\/9865-2\/","og_site_name":"Tempogym Jette","article_modified_time":"2024-10-29T15:02:05+00:00","og_image":[{"url":"https:\/\/www.tempogymjette.be\/wp-content\/uploads\/2017\/08\/attention-e1502514370898.jpg","type":"","width":"","height":""}],"twitter_card":"summary_large_image","twitter_misc":{"Dur\u00e9e de lecture estim\u00e9e":"2 minutes"},"schema":{"@context":"https:\/\/schema.org","@graph":[{"@type":"WebPage","@id":"https:\/\/www.tempogymjette.be\/index.php\/9865-2\/","url":"https:\/\/www.tempogymjette.be\/index.php\/9865-2\/","name":"Proc\u00e9dures en cas d'accident - Tempogym Jette","isPartOf":{"@id":"https:\/\/www.tempogymjette.be\/#website"},"primaryImageOfPage":{"@id":"https:\/\/www.tempogymjette.be\/index.php\/9865-2\/#primaryimage"},"image":{"@id":"https:\/\/www.tempogymjette.be\/index.php\/9865-2\/#primaryimage"},"thumbnailUrl":"https:\/\/www.tempogymjette.be\/wp-content\/uploads\/2017\/08\/attention-e1502514370898.jpg","datePublished":"2023-06-28T12:24:42+00:00","dateModified":"2024-10-29T15:02:05+00:00","breadcrumb":{"@id":"https:\/\/www.tempogymjette.be\/index.php\/9865-2\/#breadcrumb"},"inLanguage":"fr-FR","potentialAction":[{"@type":"ReadAction","target":["https:\/\/www.tempogymjette.be\/index.php\/9865-2\/"]}]},{"@type":"ImageObject","inLanguage":"fr-FR","@id":"https:\/\/www.tempogymjette.be\/index.php\/9865-2\/#primaryimage","url":"https:\/\/i0.wp.com\/www.tempogymjette.be\/wp-content\/uploads\/2017\/08\/attention-e1502514370898.jpg?fit=180%2C180&ssl=1","contentUrl":"https:\/\/i0.wp.com\/www.tempogymjette.be\/wp-content\/uploads\/2017\/08\/attention-e1502514370898.jpg?fit=180%2C180&ssl=1","width":180,"height":180},{"@type":"BreadcrumbList","@id":"https:\/\/www.tempogymjette.be\/index.php\/9865-2\/#breadcrumb","itemListElement":[{"@type":"ListItem","position":1,"name":"Accueil","item":"https:\/\/www.tempogymjette.be\/"},{"@type":"ListItem","position":2,"name":"Proc\u00e9dures en cas d&rsquo;accident"}]},{"@type":"WebSite","@id":"https:\/\/www.tempogymjette.be\/#website","url":"https:\/\/www.tempogymjette.be\/","name":"Tempogym Jette","description":"Vive la gym","potentialAction":[{"@type":"SearchAction","target":{"@type":"EntryPoint","urlTemplate":"https:\/\/www.tempogymjette.be\/?s={search_term_string}"},"query-input":{"@type":"PropertyValueSpecification","valueRequired":true,"valueName":"search_term_string"}}],"inLanguage":"fr-FR"}]}},"jetpack_sharing_enabled":true,"jetpack_shortlink":"https:\/\/wp.me\/P9rq79-2z7","jetpack-related-posts":[],"_links":{"self":[{"href":"https:\/\/www.tempogymjette.be\/index.php\/wp-json\/wp\/v2\/pages\/9865","targetHints":{"allow":["GET"]}}],"collection":[{"href":"https:\/\/www.tempogymjette.be\/index.php\/wp-json\/wp\/v2\/pages"}],"about":[{"href":"https:\/\/www.tempogymjette.be\/index.php\/wp-json\/wp\/v2\/types\/page"}],"author":[{"embeddable":true,"href":"https:\/\/www.tempogymjette.be\/index.php\/wp-json\/wp\/v2\/users\/164"}],"replies":[{"embeddable":true,"href":"https:\/\/www.tempogymjette.be\/index.php\/wp-json\/wp\/v2\/comments?post=9865"}],"version-history":[{"count":5,"href":"https:\/\/www.tempogymjette.be\/index.php\/wp-json\/wp\/v2\/pages\/9865\/revisions"}],"predecessor-version":[{"id":10445,"href":"https:\/\/www.tempogymjette.be\/index.php\/wp-json\/wp\/v2\/pages\/9865\/revisions\/10445"}],"wp:attachment":[{"href":"https:\/\/www.tempogymjette.be\/index.php\/wp-json\/wp\/v2\/media?parent=9865"}],"curies":[{"name":"wp","href":"https:\/\/api.w.org\/{rel}","templated":true}]}}